{"id":30,"date":"2019-10-30T08:05:16","date_gmt":"2019-10-30T08:05:16","guid":{"rendered":"https:\/\/demo.casethemes.net\/consultio-corporate2\/?page_id=30"},"modified":"2025-02-25T15:27:27","modified_gmt":"2025-02-25T12:27:27","slug":"sikca-sorulan-sorular","status":"publish","type":"page","link":"https:\/\/ozkilicarslan.com\/en\/sikca-sorulan-sorular\/","title":{"rendered":"Frequently Asked Questions"},"content":{"rendered":"<div data-elementor-type=\"wp-page\" data-elementor-id=\"30\" class=\"elementor elementor-30\" data-elementor-post-type=\"page\">\n\t\t\t\t        <section class=\"elementor-section elementor-top-section elementor-element elementor-element-595e705 elementor-section-content-middle elementor-section-boxed elementor-section-height-default elementor-section-height-default ct-header-fixed-none ct-row-max-none\" data-id=\"595e705\" data-element_type=\"section\">\n            \n                        <div class=\"elementor-container elementor-column-gap-extended\">\n                    <div class=\"elementor-column elementor-col-50 elementor-top-column elementor-element elementor-element-fbf6e39\" data-id=\"fbf6e39\" data-element_type=\"column\">\n        <div class=\"elementor-widget-wrap elementor-element-populated\">\n                    \n        \t\t<div class=\"elementor-element elementor-element-e58aff6 elementor-widget elementor-widget-ct_heading\" data-id=\"e58aff6\" data-element_type=\"widget\" data-widget_type=\"ct_heading.default\">\n\t\t\t\t<div class=\"elementor-widget-container\">\n\t\t\t\t\t<div id=\"ct_heading-e58aff6\" class=\"ct-heading h-align- sub-style1 ct-heading-left item-st-default\">\r\n\t<div class=\"ct-item--inner\">\r\n        <div class=\"ct-inline-css\"  data-css=\"            \">\r\n        <\/div>\r\n            \t\t<div class=\"item--sub-title style1 show-line\">\r\n                                                FAQ                                                            <\/div>\r\n    \t        <h3 class=\"item--title st-default case-animate-time\" data-wow-delay=\"ms\">\r\n                        <span class=\"sp-main\">\r\n                \r\n                Frequently Asked Questions\r\n                \r\n                            <\/span>\r\n                    <\/h3>\r\n    <\/div>\r\n<\/div>\t\t\t\t<\/div>\n\t\t\t\t<\/div>\n\t\t            <\/div>\n        <\/div>\n                <div class=\"elementor-column elementor-col-50 elementor-top-column elementor-element elementor-element-0bac2d3\" data-id=\"0bac2d3\" data-element_type=\"column\">\n        <div class=\"elementor-widget-wrap elementor-element-populated\">\n                    \n        \t\t<div class=\"elementor-element elementor-element-64b4dfa elementor-widget elementor-widget-text-editor\" data-id=\"64b4dfa\" data-element_type=\"widget\" data-widget_type=\"text-editor.default\">\n\t\t\t\t<div class=\"elementor-widget-container\">\n\t\t\t\t\t\t\t\t\t<p>You can find the most frequently asked questions about our products and services in this area. For other questions, you can contact our customer support team<\/p>\t\t\t\t\t\t\t\t<\/div>\n\t\t\t\t<\/div>\n\t\t            <\/div>\n        <\/div>\n                    <\/div>\n        <\/section>\n                <section class=\"elementor-section elementor-top-section elementor-element elementor-element-6a8d88f elementor-section-boxed elementor-section-height-default elementor-section-height-default ct-header-fixed-none ct-row-max-none\" data-id=\"6a8d88f\" data-element_type=\"section\">\n            \n                        <div class=\"elementor-container elementor-column-gap-extended\">\n                    <div class=\"elementor-column elementor-col-100 elementor-top-column elementor-element elementor-element-325916e\" data-id=\"325916e\" data-element_type=\"column\">\n        <div class=\"elementor-widget-wrap elementor-element-populated\">\n                    \n        \t\t<div class=\"elementor-element elementor-element-60e5f30 elementor-widget elementor-widget-ct_accordion\" data-id=\"60e5f30\" data-element_type=\"widget\" data-widget_type=\"ct_accordion.default\">\n\t\t\t\t<div class=\"elementor-widget-container\">\n\t\t\t\t\t    <div id=\"ct_accordion-60e5f30\" class=\"ct-accordion layout1 style1\">\r\n                    <div class=\"ct-accordion-item active\">\r\n                <div class=\"ct-ac-title active\" data-target=\"#98e146cct_accordion-60e5f30\">\r\n                    <a class=\"ct-ac-title-text\">\r\n                                                                        What kind of plastic parts does \u00d6z K\u0131l\u0131\u00e7arslan G\u0131da produce?                        <i class=\"ct-icon-accordion\"><\/i>\r\n                    <\/a>\r\n                <\/div>\r\n                <div id=\"98e146cct_accordion-60e5f30\" class=\"ct-ac-content\" style=\"display:block;\"><p>\u00d6z K\u0131l\u0131\u00e7arslan G\u0131da provides a wide range of services in the field of plastic parts production. Our products include various packaging solutions, labeling, boxes and packaging materials.<\/p><\/div>\r\n            <\/div>\r\n                    <div class=\"ct-accordion-item\">\r\n                <div class=\"ct-ac-title\" data-target=\"#25b80e7ct_accordion-60e5f30\">\r\n                    <a class=\"ct-ac-title-text\">\r\n                                                                        Do you have a quality guarantee on your products?                        <i class=\"ct-icon-accordion\"><\/i>\r\n                    <\/a>\r\n                <\/div>\r\n                <div id=\"25b80e7ct_accordion-60e5f30\" class=\"ct-ac-content\"><p>Yes, all our products are produced according to high quality standards and passed through quality control processes. Customer satisfaction is our top priority.<\/p><\/div>\r\n            <\/div>\r\n                    <div class=\"ct-accordion-item\">\r\n                <div class=\"ct-ac-title\" data-target=\"#5caa056ct_accordion-60e5f30\">\r\n                    <a class=\"ct-ac-title-text\">\r\n                                                                        In which sectors does \u00d6z K\u0131l\u0131\u00e7arslan G\u0131da use its products?                        <i class=\"ct-icon-accordion\"><\/i>\r\n                    <\/a>\r\n                <\/div>\r\n                <div id=\"5caa056ct_accordion-60e5f30\" class=\"ct-ac-content\"><p>Our products are used in food, cosmetics, pharmaceuticals, textiles and many different sectors.<\/p><\/div>\r\n            <\/div>\r\n                    <div class=\"ct-accordion-item\">\r\n                <div class=\"ct-ac-title\" data-target=\"#5224166ct_accordion-60e5f30\">\r\n                    <a class=\"ct-ac-title-text\">\r\n                                                                        What is the speed of your production process?                        <i class=\"ct-icon-accordion\"><\/i>\r\n                    <\/a>\r\n                <\/div>\r\n                <div id=\"5224166ct_accordion-60e5f30\" class=\"ct-ac-content\"><p>Production time may vary depending on the type and quantity of the order. However, thanks to our fast and efficient production processes, we guarantee on-time delivery to our customers.<\/p><\/div>\r\n            <\/div>\r\n                    <div class=\"ct-accordion-item\">\r\n                <div class=\"ct-ac-title\" data-target=\"#1a5b310ct_accordion-60e5f30\">\r\n                    <a class=\"ct-ac-title-text\">\r\n                                                                        How can I order from \u00d6z K\u0131l\u0131\u00e7arslan G\u0131da?                        <i class=\"ct-icon-accordion\"><\/i>\r\n                    <\/a>\r\n                <\/div>\r\n                <div id=\"1a5b310ct_accordion-60e5f30\" class=\"ct-ac-content\"><p>You can contact us to place an order or create a request through our website. Our sales team will get back to you as soon as possible.<\/p><\/div>\r\n            <\/div>\r\n                    <div class=\"ct-accordion-item\">\r\n                <div class=\"ct-ac-title\" data-target=\"#ddd819cct_accordion-60e5f30\">\r\n                    <a class=\"ct-ac-title-text\">\r\n                                                                        Do you only provide service within T\u00fcrkiye?                        <i class=\"ct-icon-accordion\"><\/i>\r\n                    <\/a>\r\n                <\/div>\r\n                <div id=\"ddd819cct_accordion-60e5f30\" class=\"ct-ac-content\"><p>No, \u00d6z K\u0131l\u0131\u00e7arslan also provides services in foreign markets. Our products are delivered to customers globally.?<\/p><\/div>\r\n            <\/div>\r\n                    <div class=\"ct-accordion-item\">\r\n                <div class=\"ct-ac-title\" data-target=\"#ea20fa5ct_accordion-60e5f30\">\r\n                    <a class=\"ct-ac-title-text\">\r\n                                                                        Do you have environmentally friendly products?                        <i class=\"ct-icon-accordion\"><\/i>\r\n                    <\/a>\r\n                <\/div>\r\n                <div id=\"ea20fa5ct_accordion-60e5f30\" class=\"ct-ac-content\"><p>Yes, we have recyclable products made with environmentally friendly materials. Sustainability is an important part of our production processes.<\/p><\/div>\r\n            <\/div>\r\n                    <div class=\"ct-accordion-item\">\r\n                <div class=\"ct-ac-title\" data-target=\"#613a0cact_accordion-60e5f30\">\r\n                    <a class=\"ct-ac-title-text\">\r\n                                                                        Does \u00d6z K\u0131l\u0131\u00e7arslan G\u0131da produce labels?                        <i class=\"ct-icon-accordion\"><\/i>\r\n                    <\/a>\r\n                <\/div>\r\n                <div id=\"613a0cact_accordion-60e5f30\" class=\"ct-ac-content\"><p>Yes, \u00d6z K\u0131l\u0131\u00e7arslan G\u0131da produces all types of packaging labels. We offer labeling solutions with special designs and prints for our products.<\/p><\/div>\r\n            <\/div>\r\n                    <div class=\"ct-accordion-item\">\r\n                <div class=\"ct-ac-title\" data-target=\"#43332f9ct_accordion-60e5f30\">\r\n                    <a class=\"ct-ac-title-text\">\r\n                                                                        What payment methods do you accept?                        <i class=\"ct-icon-accordion\"><\/i>\r\n                    <\/a>\r\n                <\/div>\r\n                <div id=\"43332f9ct_accordion-60e5f30\" class=\"ct-ac-content\"><p>We accept various payment methods including bank transfer, credit card and cash.<\/p><\/div>\r\n            <\/div>\r\n                    <div class=\"ct-accordion-item\">\r\n                <div class=\"ct-ac-title\" data-target=\"#f930b5bct_accordion-60e5f30\">\r\n                    <a class=\"ct-ac-title-text\">\r\n                                                                        How long is the delivery time for my order?                        <i class=\"ct-icon-accordion\"><\/i>\r\n                    <\/a>\r\n                <\/div>\r\n                <div id=\"f930b5bct_accordion-60e5f30\" class=\"ct-ac-content\"><p>Delivery time varies depending on the type and quantity of the order. However, we have optimized all our processes for fast and on-time delivery.<\/p><\/div>\r\n            <\/div>\r\n                    <div class=\"ct-accordion-item\">\r\n                <div class=\"ct-ac-title\" data-target=\"#ea6a8cact_accordion-60e5f30\">\r\n                    <a class=\"ct-ac-title-text\">\r\n                                                                        Do you produce your products according to special designs?                        <i class=\"ct-icon-accordion\"><\/i>\r\n                    <\/a>\r\n                <\/div>\r\n                <div id=\"ea6a8cact_accordion-60e5f30\" class=\"ct-ac-content\"><p>Yes, we can personalize your products by making special designs according to customer demands. You can contact us to get detailed information about your orders.<\/p><\/div>\r\n            <\/div>\r\n                    <div class=\"ct-accordion-item\">\r\n                <div class=\"ct-ac-title\" data-target=\"#aeff4d7ct_accordion-60e5f30\">\r\n                    <a class=\"ct-ac-title-text\">\r\n                                                                        How can I contact \u00d6z K\u0131l\u0131\u00e7arslan G\u0131da?                        <i class=\"ct-icon-accordion\"><\/i>\r\n                    <\/a>\r\n                <\/div>\r\n                <div id=\"aeff4d7ct_accordion-60e5f30\" class=\"ct-ac-content\"><p>You can contact us through our website or reach our customer representative via our phone number. You can also contact us via e-mail.<\/p><\/div>\r\n            <\/div>\r\n            <\/div>\r\n    \t\t\t\t<\/div>\n\t\t\t\t<\/div>\n\t\t            <\/div>\n        <\/div>\n                    <\/div>\n        <\/section>\n        \t\t<\/div>","protected":false},"excerpt":{"rendered":"<p>S-S-S S\u0131k\u00e7a Sorulan Sorular \u00dcr\u00fcnlerimiz ve hizmetlerimizle ilgili en \u00e7ok sorulan sorular\u0131 bu alanda bulabilirsiniz. Di\u011fer sorular\u0131n\u0131z i\u00e7in m\u00fc\u015fteri destek ekibimizle ileti\u015fime ge\u00e7ebilirsiniz \u00d6z K\u0131l\u0131\u00e7arslan G\u0131da hangi t\u00fcr plastik par\u00e7alar \u00fcretmektedir? \u00d6z K\u0131l\u0131\u00e7arslan G\u0131da, plastik par\u00e7a \u00fcretimi alan\u0131nda geni\u015f bir yelpazede hizmet verir. \u00dcr\u00fcnlerimiz aras\u0131nda \u00e7e\u015fitli ambalaj \u00e7\u00f6z\u00fcmleri, etiketleme, kutu ve ambalaj malzemeleri yer almaktad\u0131r. [&hellip;]<\/p>","protected":false},"author":1,"featured_media":0,"parent":0,"menu_order":0,"comment_status":"closed","ping_status":"closed","template":"","meta":{"pgc_sgb_lightbox_settings":"","_joinchat":[],"footnotes":""},"class_list":["post-30","page","type-page","status-publish","hentry"],"_links":{"self":[{"href":"https:\/\/ozkilicarslan.com\/en\/wp-json\/wp\/v2\/pages\/30","targetHints":{"allow":["GET"]}}],"collection":[{"href":"https:\/\/ozkilicarslan.com\/en\/wp-json\/wp\/v2\/pages"}],"about":[{"href":"https:\/\/ozkilicarslan.com\/en\/wp-json\/wp\/v2\/types\/page"}],"author":[{"embeddable":true,"href":"https:\/\/ozkilicarslan.com\/en\/wp-json\/wp\/v2\/users\/1"}],"replies":[{"embeddable":true,"href":"https:\/\/ozkilicarslan.com\/en\/wp-json\/wp\/v2\/comments?post=30"}],"version-history":[{"count":10,"href":"https:\/\/ozkilicarslan.com\/en\/wp-json\/wp\/v2\/pages\/30\/revisions"}],"predecessor-version":[{"id":6239,"href":"https:\/\/ozkilicarslan.com\/en\/wp-json\/wp\/v2\/pages\/30\/revisions\/6239"}],"wp:attachment":[{"href":"https:\/\/ozkilicarslan.com\/en\/wp-json\/wp\/v2\/media?parent=30"}],"curies":[{"name":"wp","href":"https:\/\/api.w.org\/{rel}","templated":true}]}}