{"id":5280,"date":"2025-02-19T17:50:57","date_gmt":"2025-02-19T14:50:57","guid":{"rendered":"https:\/\/ozkilicarslan.com\/?post_type=product&#038;p=5280"},"modified":"2025-02-19T17:50:57","modified_gmt":"2025-02-19T14:50:57","slug":"24mm-410-cek-it-mantar-baslikli-kapak","status":"publish","type":"product","link":"https:\/\/ozkilicarslan.com\/en\/product\/24mm-410-cek-it-mantar-baslikli-kapak\/","title":{"rendered":"24mm\/410 \u00c7ek-it Mantar Ba\u015fl\u0131kl\u0131 Kapak"},"content":{"rendered":"<p>24mm\/410 \u00c7ek-it Mantar Ba\u015fl\u0131kl\u0131 Kapak<\/p>","protected":false},"excerpt":{"rendered":"<p>24mm\/410 \u00c7ek-it Mantar Ba\u015fl\u0131kl\u0131 Kapak<\/p>","protected":false},"featured_media":5281,"comment_status":"open","ping_status":"closed","template":"","meta":{"pgc_sgb_lightbox_settings":"","_joinchat":[]},"product_brand":[],"product_cat":[56],"product_tag":[],"class_list":{"0":"post-5280","1":"product","2":"type-product","3":"status-publish","4":"has-post-thumbnail","6":"product_cat-kapaklar","8":"first","9":"instock","10":"shipping-taxable","11":"product-type-simple"},"_links":{"self":[{"href":"https:\/\/ozkilicarslan.com\/en\/wp-json\/wp\/v2\/product\/5280","targetHints":{"allow":["GET"]}}],"collection":[{"href":"https:\/\/ozkilicarslan.com\/en\/wp-json\/wp\/v2\/product"}],"about":[{"href":"https:\/\/ozkilicarslan.com\/en\/wp-json\/wp\/v2\/types\/product"}],"replies":[{"embeddable":true,"href":"https:\/\/ozkilicarslan.com\/en\/wp-json\/wp\/v2\/comments?post=5280"}],"wp:featuredmedia":[{"embeddable":true,"href":"https:\/\/ozkilicarslan.com\/en\/wp-json\/wp\/v2\/media\/5281"}],"wp:attachment":[{"href":"https:\/\/ozkilicarslan.com\/en\/wp-json\/wp\/v2\/media?parent=5280"}],"wp:term":[{"taxonomy":"product_brand","embeddable":true,"href":"https:\/\/ozkilicarslan.com\/en\/wp-json\/wp\/v2\/product_brand?post=5280"},{"taxonomy":"product_cat","embeddable":true,"href":"https:\/\/ozkilicarslan.com\/en\/wp-json\/wp\/v2\/product_cat?post=5280"},{"taxonomy":"product_tag","embeddable":true,"href":"https:\/\/ozkilicarslan.com\/en\/wp-json\/wp\/v2\/product_tag?post=5280"}],"curies":[{"name":"wp","href":"https:\/\/api.w.org\/{rel}","templated":true}]}}