{"id":5314,"date":"2025-02-19T19:06:25","date_gmt":"2025-02-19T16:06:25","guid":{"rendered":"https:\/\/ozkilicarslan.com\/?post_type=product&#038;p=5314"},"modified":"2025-02-19T19:06:25","modified_gmt":"2025-02-19T16:06:25","slug":"50mm-emniyet-halkali-al-contali-agro-kapak","status":"publish","type":"product","link":"https:\/\/ozkilicarslan.com\/en\/product\/50mm-emniyet-halkali-al-contali-agro-kapak\/","title":{"rendered":"50mm Emniyet Halkal\u0131 AL Contal\u0131 Agro Kapak"},"content":{"rendered":"<p>50mm Emniyet Halkal\u0131 AL Contal\u0131 Agro Kapak<\/p>","protected":false},"excerpt":{"rendered":"<p>50mm Emniyet Halkal\u0131 AL Contal\u0131 Agro Kapak<\/p>","protected":false},"featured_media":5315,"comment_status":"open","ping_status":"closed","template":"","meta":{"pgc_sgb_lightbox_settings":"","_joinchat":[]},"product_brand":[],"product_cat":[56],"product_tag":[],"class_list":{"0":"post-5314","1":"product","2":"type-product","3":"status-publish","4":"has-post-thumbnail","6":"product_cat-kapaklar","8":"first","9":"instock","10":"shipping-taxable","11":"product-type-simple"},"_links":{"self":[{"href":"https:\/\/ozkilicarslan.com\/en\/wp-json\/wp\/v2\/product\/5314","targetHints":{"allow":["GET"]}}],"collection":[{"href":"https:\/\/ozkilicarslan.com\/en\/wp-json\/wp\/v2\/product"}],"about":[{"href":"https:\/\/ozkilicarslan.com\/en\/wp-json\/wp\/v2\/types\/product"}],"replies":[{"embeddable":true,"href":"https:\/\/ozkilicarslan.com\/en\/wp-json\/wp\/v2\/comments?post=5314"}],"wp:featuredmedia":[{"embeddable":true,"href":"https:\/\/ozkilicarslan.com\/en\/wp-json\/wp\/v2\/media\/5315"}],"wp:attachment":[{"href":"https:\/\/ozkilicarslan.com\/en\/wp-json\/wp\/v2\/media?parent=5314"}],"wp:term":[{"taxonomy":"product_brand","embeddable":true,"href":"https:\/\/ozkilicarslan.com\/en\/wp-json\/wp\/v2\/product_brand?post=5314"},{"taxonomy":"product_cat","embeddable":true,"href":"https:\/\/ozkilicarslan.com\/en\/wp-json\/wp\/v2\/product_cat?post=5314"},{"taxonomy":"product_tag","embeddable":true,"href":"https:\/\/ozkilicarslan.com\/en\/wp-json\/wp\/v2\/product_tag?post=5314"}],"curies":[{"name":"wp","href":"https:\/\/api.w.org\/{rel}","templated":true}]}}