{"id":5332,"date":"2025-02-19T19:14:38","date_gmt":"2025-02-19T16:14:38","guid":{"rendered":"https:\/\/ozkilicarslan.com\/?post_type=product&#038;p=5332"},"modified":"2025-02-19T19:14:38","modified_gmt":"2025-02-19T16:14:38","slug":"gul-yumusatici-kapak","status":"publish","type":"product","link":"https:\/\/ozkilicarslan.com\/en\/product\/gul-yumusatici-kapak\/","title":{"rendered":"G\u00fcl Yumu\u015fat\u0131c\u0131 Kapak"},"content":{"rendered":"<p>G\u00fcl Yumu\u015fat\u0131c\u0131 Kapak<\/p>","protected":false},"excerpt":{"rendered":"<p>G\u00fcl Yumu\u015fat\u0131c\u0131 Kapak<\/p>","protected":false},"featured_media":5333,"comment_status":"open","ping_status":"closed","template":"","meta":{"pgc_sgb_lightbox_settings":"","_joinchat":[]},"product_brand":[],"product_cat":[56],"product_tag":[],"class_list":{"0":"post-5332","1":"product","2":"type-product","3":"status-publish","4":"has-post-thumbnail","6":"product_cat-kapaklar","8":"first","9":"instock","10":"shipping-taxable","11":"product-type-simple"},"_links":{"self":[{"href":"https:\/\/ozkilicarslan.com\/en\/wp-json\/wp\/v2\/product\/5332","targetHints":{"allow":["GET"]}}],"collection":[{"href":"https:\/\/ozkilicarslan.com\/en\/wp-json\/wp\/v2\/product"}],"about":[{"href":"https:\/\/ozkilicarslan.com\/en\/wp-json\/wp\/v2\/types\/product"}],"replies":[{"embeddable":true,"href":"https:\/\/ozkilicarslan.com\/en\/wp-json\/wp\/v2\/comments?post=5332"}],"wp:featuredmedia":[{"embeddable":true,"href":"https:\/\/ozkilicarslan.com\/en\/wp-json\/wp\/v2\/media\/5333"}],"wp:attachment":[{"href":"https:\/\/ozkilicarslan.com\/en\/wp-json\/wp\/v2\/media?parent=5332"}],"wp:term":[{"taxonomy":"product_brand","embeddable":true,"href":"https:\/\/ozkilicarslan.com\/en\/wp-json\/wp\/v2\/product_brand?post=5332"},{"taxonomy":"product_cat","embeddable":true,"href":"https:\/\/ozkilicarslan.com\/en\/wp-json\/wp\/v2\/product_cat?post=5332"},{"taxonomy":"product_tag","embeddable":true,"href":"https:\/\/ozkilicarslan.com\/en\/wp-json\/wp\/v2\/product_tag?post=5332"}],"curies":[{"name":"wp","href":"https:\/\/api.w.org\/{rel}","templated":true}]}}