{"id":5336,"date":"2025-02-19T19:16:09","date_gmt":"2025-02-19T16:16:09","guid":{"rendered":"https:\/\/ozkilicarslan.com\/?post_type=product&#038;p=5336"},"modified":"2025-02-19T19:16:09","modified_gmt":"2025-02-19T16:16:09","slug":"48mm-akilli-olcekli-yumusatici-kapak","status":"publish","type":"product","link":"https:\/\/ozkilicarslan.com\/en\/product\/48mm-akilli-olcekli-yumusatici-kapak\/","title":{"rendered":"48mm Ak\u0131ll\u0131 \u00d6l\u00e7ekli Yumu\u015fat\u0131c\u0131 Kapak"},"content":{"rendered":"<p>48mm Ak\u0131ll\u0131 \u00d6l\u00e7ekli Yumu\u015fat\u0131c\u0131 Kapak<\/p>","protected":false},"excerpt":{"rendered":"<p>48mm Ak\u0131ll\u0131 \u00d6l\u00e7ekli Yumu\u015fat\u0131c\u0131 Kapak<\/p>","protected":false},"featured_media":5337,"comment_status":"open","ping_status":"closed","template":"","meta":{"pgc_sgb_lightbox_settings":"","_joinchat":[]},"product_brand":[],"product_cat":[56],"product_tag":[],"class_list":{"0":"post-5336","1":"product","2":"type-product","3":"status-publish","4":"has-post-thumbnail","6":"product_cat-kapaklar","8":"first","9":"instock","10":"shipping-taxable","11":"product-type-simple"},"_links":{"self":[{"href":"https:\/\/ozkilicarslan.com\/en\/wp-json\/wp\/v2\/product\/5336","targetHints":{"allow":["GET"]}}],"collection":[{"href":"https:\/\/ozkilicarslan.com\/en\/wp-json\/wp\/v2\/product"}],"about":[{"href":"https:\/\/ozkilicarslan.com\/en\/wp-json\/wp\/v2\/types\/product"}],"replies":[{"embeddable":true,"href":"https:\/\/ozkilicarslan.com\/en\/wp-json\/wp\/v2\/comments?post=5336"}],"wp:featuredmedia":[{"embeddable":true,"href":"https:\/\/ozkilicarslan.com\/en\/wp-json\/wp\/v2\/media\/5337"}],"wp:attachment":[{"href":"https:\/\/ozkilicarslan.com\/en\/wp-json\/wp\/v2\/media?parent=5336"}],"wp:term":[{"taxonomy":"product_brand","embeddable":true,"href":"https:\/\/ozkilicarslan.com\/en\/wp-json\/wp\/v2\/product_brand?post=5336"},{"taxonomy":"product_cat","embeddable":true,"href":"https:\/\/ozkilicarslan.com\/en\/wp-json\/wp\/v2\/product_cat?post=5336"},{"taxonomy":"product_tag","embeddable":true,"href":"https:\/\/ozkilicarslan.com\/en\/wp-json\/wp\/v2\/product_tag?post=5336"}],"curies":[{"name":"wp","href":"https:\/\/api.w.org\/{rel}","templated":true}]}}