{"id":5344,"date":"2025-02-19T19:21:49","date_gmt":"2025-02-19T16:21:49","guid":{"rendered":"https:\/\/ozkilicarslan.com\/?post_type=product&#038;p=5344"},"modified":"2025-02-19T19:21:49","modified_gmt":"2025-02-19T16:21:49","slug":"22mm-cocuk-emniyetli-al-contali-kapak","status":"publish","type":"product","link":"https:\/\/ozkilicarslan.com\/en\/product\/22mm-cocuk-emniyetli-al-contali-kapak\/","title":{"rendered":"22mm \u00c7ocuk Emniyetli AL Contal\u0131 Kapak"},"content":{"rendered":"<p>22mm \u00c7ocuk Emniyetli AL Contal\u0131 Kapak<\/p>","protected":false},"excerpt":{"rendered":"<p>22mm \u00c7ocuk Emniyetli AL Contal\u0131 Kapak<\/p>","protected":false},"featured_media":5345,"comment_status":"open","ping_status":"closed","template":"","meta":{"pgc_sgb_lightbox_settings":"","_joinchat":[]},"product_brand":[],"product_cat":[56],"product_tag":[],"class_list":{"0":"post-5344","1":"product","2":"type-product","3":"status-publish","4":"has-post-thumbnail","6":"product_cat-kapaklar","8":"first","9":"instock","10":"shipping-taxable","11":"product-type-simple"},"_links":{"self":[{"href":"https:\/\/ozkilicarslan.com\/en\/wp-json\/wp\/v2\/product\/5344","targetHints":{"allow":["GET"]}}],"collection":[{"href":"https:\/\/ozkilicarslan.com\/en\/wp-json\/wp\/v2\/product"}],"about":[{"href":"https:\/\/ozkilicarslan.com\/en\/wp-json\/wp\/v2\/types\/product"}],"replies":[{"embeddable":true,"href":"https:\/\/ozkilicarslan.com\/en\/wp-json\/wp\/v2\/comments?post=5344"}],"wp:featuredmedia":[{"embeddable":true,"href":"https:\/\/ozkilicarslan.com\/en\/wp-json\/wp\/v2\/media\/5345"}],"wp:attachment":[{"href":"https:\/\/ozkilicarslan.com\/en\/wp-json\/wp\/v2\/media?parent=5344"}],"wp:term":[{"taxonomy":"product_brand","embeddable":true,"href":"https:\/\/ozkilicarslan.com\/en\/wp-json\/wp\/v2\/product_brand?post=5344"},{"taxonomy":"product_cat","embeddable":true,"href":"https:\/\/ozkilicarslan.com\/en\/wp-json\/wp\/v2\/product_cat?post=5344"},{"taxonomy":"product_tag","embeddable":true,"href":"https:\/\/ozkilicarslan.com\/en\/wp-json\/wp\/v2\/product_tag?post=5344"}],"curies":[{"name":"wp","href":"https:\/\/api.w.org\/{rel}","templated":true}]}}