{"id":5371,"date":"2025-02-21T15:02:30","date_gmt":"2025-02-21T12:02:30","guid":{"rendered":"https:\/\/ozkilicarslan.com\/?post_type=product&#038;p=5371"},"modified":"2025-02-24T15:32:50","modified_gmt":"2025-02-24T12:32:50","slug":"hali-sampuani-kirec-giderici-sisesi-1-009-002","status":"publish","type":"product","link":"https:\/\/ozkilicarslan.com\/en\/product\/hali-sampuani-kirec-giderici-sisesi-1-009-002\/","title":{"rendered":"Hal\u0131 \u015eampuan\u0131\/Kire\u00e7 Giderici \u015ei\u015fesi 1 009 002"},"content":{"rendered":"<p>Hal\u0131 \u015eampuan\u0131\/Kire\u00e7 Giderici \u015ei\u015fesi 1 009 002<\/p>","protected":false},"excerpt":{"rendered":"<p>Hal\u0131 \u015eampuan\u0131\/Kire\u00e7 Giderici \u015ei\u015fesi 1 009 002<\/p>","protected":false},"featured_media":5372,"comment_status":"open","ping_status":"closed","template":"","meta":{"pgc_sgb_lightbox_settings":"","_joinchat":[]},"product_brand":[],"product_cat":[68],"product_tag":[],"class_list":{"0":"post-5371","1":"product","2":"type-product","3":"status-publish","4":"has-post-thumbnail","6":"product_cat-siseler","8":"first","9":"instock","10":"shipping-taxable","11":"product-type-simple"},"_links":{"self":[{"href":"https:\/\/ozkilicarslan.com\/en\/wp-json\/wp\/v2\/product\/5371","targetHints":{"allow":["GET"]}}],"collection":[{"href":"https:\/\/ozkilicarslan.com\/en\/wp-json\/wp\/v2\/product"}],"about":[{"href":"https:\/\/ozkilicarslan.com\/en\/wp-json\/wp\/v2\/types\/product"}],"replies":[{"embeddable":true,"href":"https:\/\/ozkilicarslan.com\/en\/wp-json\/wp\/v2\/comments?post=5371"}],"wp:featuredmedia":[{"embeddable":true,"href":"https:\/\/ozkilicarslan.com\/en\/wp-json\/wp\/v2\/media\/5372"}],"wp:attachment":[{"href":"https:\/\/ozkilicarslan.com\/en\/wp-json\/wp\/v2\/media?parent=5371"}],"wp:term":[{"taxonomy":"product_brand","embeddable":true,"href":"https:\/\/ozkilicarslan.com\/en\/wp-json\/wp\/v2\/product_brand?post=5371"},{"taxonomy":"product_cat","embeddable":true,"href":"https:\/\/ozkilicarslan.com\/en\/wp-json\/wp\/v2\/product_cat?post=5371"},{"taxonomy":"product_tag","embeddable":true,"href":"https:\/\/ozkilicarslan.com\/en\/wp-json\/wp\/v2\/product_tag?post=5371"}],"curies":[{"name":"wp","href":"https:\/\/api.w.org\/{rel}","templated":true}]}}