{"id":5377,"date":"2025-02-21T15:04:12","date_gmt":"2025-02-21T12:04:12","guid":{"rendered":"https:\/\/ozkilicarslan.com\/?post_type=product&#038;p=5377"},"modified":"2025-02-24T15:32:50","modified_gmt":"2025-02-24T12:32:50","slug":"bogumlu-camasir-suyu-sisesi-1lt","status":"publish","type":"product","link":"https:\/\/ozkilicarslan.com\/en\/product\/bogumlu-camasir-suyu-sisesi-1lt\/","title":{"rendered":"Bo\u011fumlu \u00c7ama\u015f\u0131r Suyu \u015ei\u015fesi 1LT"},"content":{"rendered":"<p>Bo\u011fumlu \u00c7ama\u015f\u0131r Suyu \u015ei\u015fesi 1LT<\/p>","protected":false},"excerpt":{"rendered":"<p>Bo\u011fumlu \u00c7ama\u015f\u0131r Suyu \u015ei\u015fesi 1LT<\/p>","protected":false},"featured_media":5378,"comment_status":"open","ping_status":"closed","template":"","meta":{"pgc_sgb_lightbox_settings":"","_joinchat":[]},"product_brand":[],"product_cat":[68],"product_tag":[],"class_list":{"0":"post-5377","1":"product","2":"type-product","3":"status-publish","4":"has-post-thumbnail","6":"product_cat-siseler","8":"first","9":"instock","10":"shipping-taxable","11":"product-type-simple"},"_links":{"self":[{"href":"https:\/\/ozkilicarslan.com\/en\/wp-json\/wp\/v2\/product\/5377","targetHints":{"allow":["GET"]}}],"collection":[{"href":"https:\/\/ozkilicarslan.com\/en\/wp-json\/wp\/v2\/product"}],"about":[{"href":"https:\/\/ozkilicarslan.com\/en\/wp-json\/wp\/v2\/types\/product"}],"replies":[{"embeddable":true,"href":"https:\/\/ozkilicarslan.com\/en\/wp-json\/wp\/v2\/comments?post=5377"}],"wp:featuredmedia":[{"embeddable":true,"href":"https:\/\/ozkilicarslan.com\/en\/wp-json\/wp\/v2\/media\/5378"}],"wp:attachment":[{"href":"https:\/\/ozkilicarslan.com\/en\/wp-json\/wp\/v2\/media?parent=5377"}],"wp:term":[{"taxonomy":"product_brand","embeddable":true,"href":"https:\/\/ozkilicarslan.com\/en\/wp-json\/wp\/v2\/product_brand?post=5377"},{"taxonomy":"product_cat","embeddable":true,"href":"https:\/\/ozkilicarslan.com\/en\/wp-json\/wp\/v2\/product_cat?post=5377"},{"taxonomy":"product_tag","embeddable":true,"href":"https:\/\/ozkilicarslan.com\/en\/wp-json\/wp\/v2\/product_tag?post=5377"}],"curies":[{"name":"wp","href":"https:\/\/api.w.org\/{rel}","templated":true}]}}