{"id":5473,"date":"2025-02-21T18:48:35","date_gmt":"2025-02-21T15:48:35","guid":{"rendered":"https:\/\/ozkilicarslan.com\/?post_type=product&#038;p=5473"},"modified":"2025-02-21T18:48:35","modified_gmt":"2025-02-21T15:48:35","slug":"standart-ketcap-mayonez-sos-sisesi-650ml","status":"publish","type":"product","link":"https:\/\/ozkilicarslan.com\/en\/product\/standart-ketcap-mayonez-sos-sisesi-650ml\/","title":{"rendered":"Standart Ket\u00e7ap \/ Mayonez \/ Sos \u015ei\u015fesi 650ML"},"content":{"rendered":"<p>Standart Ket\u00e7ap \/ Mayonez \/ Sos \u015ei\u015fesi 650ML<\/p>","protected":false},"excerpt":{"rendered":"<p>Standart Ket\u00e7ap \/ Mayonez \/ Sos \u015ei\u015fesi 650ML<\/p>","protected":false},"featured_media":5474,"comment_status":"open","ping_status":"closed","template":"","meta":{"pgc_sgb_lightbox_settings":"","_joinchat":[]},"product_brand":[],"product_cat":[62],"product_tag":[],"class_list":{"0":"post-5473","1":"product","2":"type-product","3":"status-publish","4":"has-post-thumbnail","6":"product_cat-gida-ambalajlari","8":"first","9":"instock","10":"shipping-taxable","11":"product-type-simple"},"_links":{"self":[{"href":"https:\/\/ozkilicarslan.com\/en\/wp-json\/wp\/v2\/product\/5473","targetHints":{"allow":["GET"]}}],"collection":[{"href":"https:\/\/ozkilicarslan.com\/en\/wp-json\/wp\/v2\/product"}],"about":[{"href":"https:\/\/ozkilicarslan.com\/en\/wp-json\/wp\/v2\/types\/product"}],"replies":[{"embeddable":true,"href":"https:\/\/ozkilicarslan.com\/en\/wp-json\/wp\/v2\/comments?post=5473"}],"wp:featuredmedia":[{"embeddable":true,"href":"https:\/\/ozkilicarslan.com\/en\/wp-json\/wp\/v2\/media\/5474"}],"wp:attachment":[{"href":"https:\/\/ozkilicarslan.com\/en\/wp-json\/wp\/v2\/media?parent=5473"}],"wp:term":[{"taxonomy":"product_brand","embeddable":true,"href":"https:\/\/ozkilicarslan.com\/en\/wp-json\/wp\/v2\/product_brand?post=5473"},{"taxonomy":"product_cat","embeddable":true,"href":"https:\/\/ozkilicarslan.com\/en\/wp-json\/wp\/v2\/product_cat?post=5473"},{"taxonomy":"product_tag","embeddable":true,"href":"https:\/\/ozkilicarslan.com\/en\/wp-json\/wp\/v2\/product_tag?post=5473"}],"curies":[{"name":"wp","href":"https:\/\/api.w.org\/{rel}","templated":true}]}}