{"id":5564,"date":"2025-02-21T19:19:59","date_gmt":"2025-02-21T16:19:59","guid":{"rendered":"https:\/\/ozkilicarslan.com\/?post_type=product&#038;p=5564"},"modified":"2025-02-24T15:29:37","modified_gmt":"2025-02-24T12:29:37","slug":"yeni-tip-tarim-ilac-bidonu-10-lt","status":"publish","type":"product","link":"https:\/\/ozkilicarslan.com\/en\/product\/yeni-tip-tarim-ilac-bidonu-10-lt\/","title":{"rendered":"Yeni Tip Tar\u0131m \u0130la\u00e7 Bidonu 10 LT"},"content":{"rendered":"<p>Yeni Tip Tar\u0131m \u0130la\u00e7 Bidonu 10 LT<\/p>","protected":false},"excerpt":{"rendered":"<p>Yeni Tip Tar\u0131m \u0130la\u00e7 Bidonu 10 LT<\/p>","protected":false},"featured_media":5565,"comment_status":"open","ping_status":"closed","template":"","meta":{"pgc_sgb_lightbox_settings":"","_joinchat":[]},"product_brand":[],"product_cat":[68],"product_tag":[],"class_list":{"0":"post-5564","1":"product","2":"type-product","3":"status-publish","4":"has-post-thumbnail","6":"product_cat-siseler","8":"first","9":"instock","10":"shipping-taxable","11":"product-type-simple"},"_links":{"self":[{"href":"https:\/\/ozkilicarslan.com\/en\/wp-json\/wp\/v2\/product\/5564","targetHints":{"allow":["GET"]}}],"collection":[{"href":"https:\/\/ozkilicarslan.com\/en\/wp-json\/wp\/v2\/product"}],"about":[{"href":"https:\/\/ozkilicarslan.com\/en\/wp-json\/wp\/v2\/types\/product"}],"replies":[{"embeddable":true,"href":"https:\/\/ozkilicarslan.com\/en\/wp-json\/wp\/v2\/comments?post=5564"}],"wp:featuredmedia":[{"embeddable":true,"href":"https:\/\/ozkilicarslan.com\/en\/wp-json\/wp\/v2\/media\/5565"}],"wp:attachment":[{"href":"https:\/\/ozkilicarslan.com\/en\/wp-json\/wp\/v2\/media?parent=5564"}],"wp:term":[{"taxonomy":"product_brand","embeddable":true,"href":"https:\/\/ozkilicarslan.com\/en\/wp-json\/wp\/v2\/product_brand?post=5564"},{"taxonomy":"product_cat","embeddable":true,"href":"https:\/\/ozkilicarslan.com\/en\/wp-json\/wp\/v2\/product_cat?post=5564"},{"taxonomy":"product_tag","embeddable":true,"href":"https:\/\/ozkilicarslan.com\/en\/wp-json\/wp\/v2\/product_tag?post=5564"}],"curies":[{"name":"wp","href":"https:\/\/api.w.org\/{rel}","templated":true}]}}