{"id":5639,"date":"2025-02-21T22:21:08","date_gmt":"2025-02-21T19:21:08","guid":{"rendered":"https:\/\/ozkilicarslan.com\/?post_type=product&#038;p=5639"},"modified":"2025-02-24T15:12:54","modified_gmt":"2025-02-24T12:12:54","slug":"32-21-ketcap-kapagi","status":"publish","type":"product","link":"https:\/\/ozkilicarslan.com\/en\/product\/32-21-ketcap-kapagi\/","title":{"rendered":"32\/21 Ket\u00e7ap Kapa\u011f\u0131"},"content":{"rendered":"<p>32\/21 Ket\u00e7ap Kapa\u011f\u0131<\/p>","protected":false},"excerpt":{"rendered":"<p>32\/21 Ket\u00e7ap Kapa\u011f\u0131<\/p>","protected":false},"featured_media":5640,"comment_status":"open","ping_status":"closed","template":"","meta":{"pgc_sgb_lightbox_settings":"","_joinchat":[]},"product_brand":[],"product_cat":[56],"product_tag":[],"class_list":{"0":"post-5639","1":"product","2":"type-product","3":"status-publish","4":"has-post-thumbnail","6":"product_cat-kapaklar","8":"first","9":"instock","10":"shipping-taxable","11":"product-type-simple"},"_links":{"self":[{"href":"https:\/\/ozkilicarslan.com\/en\/wp-json\/wp\/v2\/product\/5639","targetHints":{"allow":["GET"]}}],"collection":[{"href":"https:\/\/ozkilicarslan.com\/en\/wp-json\/wp\/v2\/product"}],"about":[{"href":"https:\/\/ozkilicarslan.com\/en\/wp-json\/wp\/v2\/types\/product"}],"replies":[{"embeddable":true,"href":"https:\/\/ozkilicarslan.com\/en\/wp-json\/wp\/v2\/comments?post=5639"}],"wp:featuredmedia":[{"embeddable":true,"href":"https:\/\/ozkilicarslan.com\/en\/wp-json\/wp\/v2\/media\/5640"}],"wp:attachment":[{"href":"https:\/\/ozkilicarslan.com\/en\/wp-json\/wp\/v2\/media?parent=5639"}],"wp:term":[{"taxonomy":"product_brand","embeddable":true,"href":"https:\/\/ozkilicarslan.com\/en\/wp-json\/wp\/v2\/product_brand?post=5639"},{"taxonomy":"product_cat","embeddable":true,"href":"https:\/\/ozkilicarslan.com\/en\/wp-json\/wp\/v2\/product_cat?post=5639"},{"taxonomy":"product_tag","embeddable":true,"href":"https:\/\/ozkilicarslan.com\/en\/wp-json\/wp\/v2\/product_tag?post=5639"}],"curies":[{"name":"wp","href":"https:\/\/api.w.org\/{rel}","templated":true}]}}