{"id":5655,"date":"2025-02-21T22:30:24","date_gmt":"2025-02-21T19:30:24","guid":{"rendered":"https:\/\/ozkilicarslan.com\/?post_type=product&#038;p=5655"},"modified":"2025-02-24T15:12:54","modified_gmt":"2025-02-24T12:12:54","slug":"sk-50-toz-sivi-olcek-100cc","status":"publish","type":"product","link":"https:\/\/ozkilicarslan.com\/en\/product\/sk-50-toz-sivi-olcek-100cc\/","title":{"rendered":"SK \u2013 50 Toz\/S\u0131v\u0131 \u00d6l\u00e7ek 100cc"},"content":{"rendered":"<p>SK \u2013 50 Toz\/S\u0131v\u0131 \u00d6l\u00e7ek 100cc<\/p>","protected":false},"excerpt":{"rendered":"<p>SK \u2013 50 Toz\/S\u0131v\u0131 \u00d6l\u00e7ek 100cc<\/p>","protected":false},"featured_media":5656,"comment_status":"open","ping_status":"closed","template":"","meta":{"pgc_sgb_lightbox_settings":"","_joinchat":[]},"product_brand":[],"product_cat":[56],"product_tag":[],"class_list":{"0":"post-5655","1":"product","2":"type-product","3":"status-publish","4":"has-post-thumbnail","6":"product_cat-kapaklar","8":"first","9":"instock","10":"shipping-taxable","11":"product-type-simple"},"_links":{"self":[{"href":"https:\/\/ozkilicarslan.com\/en\/wp-json\/wp\/v2\/product\/5655","targetHints":{"allow":["GET"]}}],"collection":[{"href":"https:\/\/ozkilicarslan.com\/en\/wp-json\/wp\/v2\/product"}],"about":[{"href":"https:\/\/ozkilicarslan.com\/en\/wp-json\/wp\/v2\/types\/product"}],"replies":[{"embeddable":true,"href":"https:\/\/ozkilicarslan.com\/en\/wp-json\/wp\/v2\/comments?post=5655"}],"wp:featuredmedia":[{"embeddable":true,"href":"https:\/\/ozkilicarslan.com\/en\/wp-json\/wp\/v2\/media\/5656"}],"wp:attachment":[{"href":"https:\/\/ozkilicarslan.com\/en\/wp-json\/wp\/v2\/media?parent=5655"}],"wp:term":[{"taxonomy":"product_brand","embeddable":true,"href":"https:\/\/ozkilicarslan.com\/en\/wp-json\/wp\/v2\/product_brand?post=5655"},{"taxonomy":"product_cat","embeddable":true,"href":"https:\/\/ozkilicarslan.com\/en\/wp-json\/wp\/v2\/product_cat?post=5655"},{"taxonomy":"product_tag","embeddable":true,"href":"https:\/\/ozkilicarslan.com\/en\/wp-json\/wp\/v2\/product_tag?post=5655"}],"curies":[{"name":"wp","href":"https:\/\/api.w.org\/{rel}","templated":true}]}}