{"id":5923,"date":"2025-02-22T02:04:17","date_gmt":"2025-02-21T23:04:17","guid":{"rendered":"https:\/\/ozkilicarslan.com\/?post_type=product&#038;p=5923"},"modified":"2025-02-22T02:04:17","modified_gmt":"2025-02-21T23:04:17","slug":"5-lt-kare-pet-sise","status":"publish","type":"product","link":"https:\/\/ozkilicarslan.com\/en\/product\/5-lt-kare-pet-sise\/","title":{"rendered":"5 LT KARE PET \u015e\u0130\u015eE"},"content":{"rendered":"<table class=\"table table-bordered\">\n<tbody>\n<tr>\n<td>\u00dcR\u00dcN KODU<\/td>\n<td>CS48.008<\/td>\n<\/tr>\n<tr>\n<td>HAC\u0130M<\/td>\n<td>5000 CC<\/td>\n<\/tr>\n<tr>\n<td>\u00c7ENE \u00d6L\u00c7\u00dcS\u00dc<\/td>\n<td>48 MM<\/td>\n<\/tr>\n<tr>\n<td>Y\u00dcKSEKL\u0130K<\/td>\n<td>306 MM<\/td>\n<\/tr>\n<tr>\n<td>BEL \u00c7API<\/td>\n<td>149 MM<\/td>\n<\/tr>\n<tr>\n<td>KOL\u0130 \u0130\u00c7\u0130 ADET<\/td>\n<td>24 ADET<\/td>\n<\/tr>\n<tr>\n<td>HAM MADDE<\/td>\n<td>PET<\/td>\n<\/tr>\n<tr>\n<td>RENK<\/td>\n<td>\u015eEFFAF<\/td>\n<\/tr>\n<\/tbody>\n<\/table>","protected":false},"excerpt":{"rendered":"<p>5 LT KARE PET \u015e\u0130\u015eE<\/p>","protected":false},"featured_media":5924,"comment_status":"open","ping_status":"closed","template":"","meta":{"pgc_sgb_lightbox_settings":"","_joinchat":[]},"product_brand":[],"product_cat":[68],"product_tag":[],"class_list":{"0":"post-5923","1":"product","2":"type-product","3":"status-publish","4":"has-post-thumbnail","6":"product_cat-siseler","8":"first","9":"instock","10":"shipping-taxable","11":"product-type-simple"},"_links":{"self":[{"href":"https:\/\/ozkilicarslan.com\/en\/wp-json\/wp\/v2\/product\/5923","targetHints":{"allow":["GET"]}}],"collection":[{"href":"https:\/\/ozkilicarslan.com\/en\/wp-json\/wp\/v2\/product"}],"about":[{"href":"https:\/\/ozkilicarslan.com\/en\/wp-json\/wp\/v2\/types\/product"}],"replies":[{"embeddable":true,"href":"https:\/\/ozkilicarslan.com\/en\/wp-json\/wp\/v2\/comments?post=5923"}],"wp:featuredmedia":[{"embeddable":true,"href":"https:\/\/ozkilicarslan.com\/en\/wp-json\/wp\/v2\/media\/5924"}],"wp:attachment":[{"href":"https:\/\/ozkilicarslan.com\/en\/wp-json\/wp\/v2\/media?parent=5923"}],"wp:term":[{"taxonomy":"product_brand","embeddable":true,"href":"https:\/\/ozkilicarslan.com\/en\/wp-json\/wp\/v2\/product_brand?post=5923"},{"taxonomy":"product_cat","embeddable":true,"href":"https:\/\/ozkilicarslan.com\/en\/wp-json\/wp\/v2\/product_cat?post=5923"},{"taxonomy":"product_tag","embeddable":true,"href":"https:\/\/ozkilicarslan.com\/en\/wp-json\/wp\/v2\/product_tag?post=5923"}],"curies":[{"name":"wp","href":"https:\/\/api.w.org\/{rel}","templated":true}]}}