{"id":6115,"date":"2025-02-24T19:23:59","date_gmt":"2025-02-24T16:23:59","guid":{"rendered":"https:\/\/ozkilicarslan.com\/?post_type=product&#038;p=6115"},"modified":"2025-02-24T19:23:59","modified_gmt":"2025-02-24T16:23:59","slug":"bal-sisesi","status":"publish","type":"product","link":"https:\/\/ozkilicarslan.com\/en\/product\/bal-sisesi\/","title":{"rendered":"Bal \u015ei\u015fesi"},"content":{"rendered":"<p>Bal \u015ei\u015fesi<\/p>","protected":false},"excerpt":{"rendered":"<p>Bal \u015ei\u015fesi<\/p>","protected":false},"featured_media":6116,"comment_status":"open","ping_status":"closed","template":"","meta":{"pgc_sgb_lightbox_settings":"","_joinchat":[]},"product_brand":[],"product_cat":[68],"product_tag":[],"class_list":{"0":"post-6115","1":"product","2":"type-product","3":"status-publish","4":"has-post-thumbnail","6":"product_cat-siseler","8":"first","9":"instock","10":"shipping-taxable","11":"product-type-simple"},"_links":{"self":[{"href":"https:\/\/ozkilicarslan.com\/en\/wp-json\/wp\/v2\/product\/6115","targetHints":{"allow":["GET"]}}],"collection":[{"href":"https:\/\/ozkilicarslan.com\/en\/wp-json\/wp\/v2\/product"}],"about":[{"href":"https:\/\/ozkilicarslan.com\/en\/wp-json\/wp\/v2\/types\/product"}],"replies":[{"embeddable":true,"href":"https:\/\/ozkilicarslan.com\/en\/wp-json\/wp\/v2\/comments?post=6115"}],"wp:featuredmedia":[{"embeddable":true,"href":"https:\/\/ozkilicarslan.com\/en\/wp-json\/wp\/v2\/media\/6116"}],"wp:attachment":[{"href":"https:\/\/ozkilicarslan.com\/en\/wp-json\/wp\/v2\/media?parent=6115"}],"wp:term":[{"taxonomy":"product_brand","embeddable":true,"href":"https:\/\/ozkilicarslan.com\/en\/wp-json\/wp\/v2\/product_brand?post=6115"},{"taxonomy":"product_cat","embeddable":true,"href":"https:\/\/ozkilicarslan.com\/en\/wp-json\/wp\/v2\/product_cat?post=6115"},{"taxonomy":"product_tag","embeddable":true,"href":"https:\/\/ozkilicarslan.com\/en\/wp-json\/wp\/v2\/product_tag?post=6115"}],"curies":[{"name":"wp","href":"https:\/\/api.w.org\/{rel}","templated":true}]}}