{"id":30,"date":"2019-10-30T08:05:16","date_gmt":"2019-10-30T08:05:16","guid":{"rendered":"https:\/\/demo.casethemes.net\/consultio-corporate2\/?page_id=30"},"modified":"2025-02-25T15:27:27","modified_gmt":"2025-02-25T12:27:27","slug":"sikca-sorulan-sorular","status":"publish","type":"page","link":"https:\/\/ozkilicarslan.com\/ru\/sikca-sorulan-sorular\/","title":{"rendered":"\u0427\u0430\u0441\u0442\u043e \u0437\u0430\u0434\u0430\u0432\u0430\u0435\u043c\u044b\u0435 \u0432\u043e\u043f\u0440\u043e\u0441\u044b"},"content":{"rendered":"<div data-elementor-type=\"wp-page\" data-elementor-id=\"30\" class=\"elementor elementor-30\" data-elementor-post-type=\"page\">\n\t\t\t\t        <section class=\"elementor-section elementor-top-section elementor-element elementor-element-595e705 elementor-section-content-middle elementor-section-boxed elementor-section-height-default elementor-section-height-default ct-header-fixed-none ct-row-max-none\" data-id=\"595e705\" data-element_type=\"section\">\n            \n                        <div class=\"elementor-container elementor-column-gap-extended\">\n                    <div class=\"elementor-column elementor-col-50 elementor-top-column elementor-element elementor-element-fbf6e39\" data-id=\"fbf6e39\" data-element_type=\"column\">\n        <div class=\"elementor-widget-wrap elementor-element-populated\">\n                    \n        \t\t<div class=\"elementor-element elementor-element-e58aff6 elementor-widget elementor-widget-ct_heading\" data-id=\"e58aff6\" data-element_type=\"widget\" data-widget_type=\"ct_heading.default\">\n\t\t\t\t<div class=\"elementor-widget-container\">\n\t\t\t\t\t<div id=\"ct_heading-e58aff6\" class=\"ct-heading h-align- sub-style1 ct-heading-left item-st-default\">\r\n\t<div class=\"ct-item--inner\">\r\n        <div class=\"ct-inline-css\"  data-css=\"            \">\r\n        <\/div>\r\n            \t\t<div class=\"item--sub-title style1 show-line\">\r\n                                                \u0413-\u0413-\u0413                                                            <\/div>\r\n    \t        <h3 class=\"item--title st-default case-animate-time\" data-wow-delay=\"ms\">\r\n                        <span class=\"sp-main\">\r\n                \r\n                \u0427\u0430\u0441\u0442\u043e \u0437\u0430\u0434\u0430\u0432\u0430\u0435\u043c\u044b\u0435 \u0432\u043e\u043f\u0440\u043e\u0441\u044b\r\n                \r\n                            <\/span>\r\n                    <\/h3>\r\n    <\/div>\r\n<\/div>\t\t\t\t<\/div>\n\t\t\t\t<\/div>\n\t\t            <\/div>\n        <\/div>\n                <div class=\"elementor-column elementor-col-50 elementor-top-column elementor-element elementor-element-0bac2d3\" data-id=\"0bac2d3\" data-element_type=\"column\">\n        <div class=\"elementor-widget-wrap elementor-element-populated\">\n                    \n        \t\t<div class=\"elementor-element elementor-element-64b4dfa elementor-widget elementor-widget-text-editor\" data-id=\"64b4dfa\" data-element_type=\"widget\" data-widget_type=\"text-editor.default\">\n\t\t\t\t<div class=\"elementor-widget-container\">\n\t\t\t\t\t\t\t\t\t<p>\u0412 \u044d\u0442\u043e\u043c \u0440\u0430\u0437\u0434\u0435\u043b\u0435 \u0432\u044b \u043d\u0430\u0439\u0434\u0435\u0442\u0435 \u043e\u0442\u0432\u0435\u0442\u044b \u043d\u0430 \u043d\u0430\u0438\u0431\u043e\u043b\u0435\u0435 \u0447\u0430\u0441\u0442\u043e \u0437\u0430\u0434\u0430\u0432\u0430\u0435\u043c\u044b\u0435 \u0432\u043e\u043f\u0440\u043e\u0441\u044b \u043e \u043d\u0430\u0448\u0438\u0445 \u043f\u0440\u043e\u0434\u0443\u043a\u0442\u0430\u0445 \u0438 \u200b\u200b\u0443\u0441\u043b\u0443\u0433\u0430\u0445. \u041f\u043e \u043b\u044e\u0431\u044b\u043c \u0434\u043e\u043f\u043e\u043b\u043d\u0438\u0442\u0435\u043b\u044c\u043d\u044b\u043c \u0432\u043e\u043f\u0440\u043e\u0441\u0430\u043c \u0432\u044b \u043c\u043e\u0436\u0435\u0442\u0435 \u043e\u0431\u0440\u0430\u0442\u0438\u0442\u044c\u0441\u044f \u0432 \u043d\u0430\u0448\u0443 \u0441\u043b\u0443\u0436\u0431\u0443 \u043f\u043e\u0434\u0434\u0435\u0440\u0436\u043a\u0438 \u043a\u043b\u0438\u0435\u043d\u0442\u043e\u0432.<\/p>\t\t\t\t\t\t\t\t<\/div>\n\t\t\t\t<\/div>\n\t\t            <\/div>\n        <\/div>\n                    <\/div>\n        <\/section>\n                <section class=\"elementor-section elementor-top-section elementor-element elementor-element-6a8d88f elementor-section-boxed elementor-section-height-default elementor-section-height-default ct-header-fixed-none ct-row-max-none\" data-id=\"6a8d88f\" data-element_type=\"section\">\n            \n                        <div class=\"elementor-container elementor-column-gap-extended\">\n                    <div class=\"elementor-column elementor-col-100 elementor-top-column elementor-element elementor-element-325916e\" data-id=\"325916e\" data-element_type=\"column\">\n        <div class=\"elementor-widget-wrap elementor-element-populated\">\n                    \n        \t\t<div class=\"elementor-element elementor-element-60e5f30 elementor-widget elementor-widget-ct_accordion\" data-id=\"60e5f30\" data-element_type=\"widget\" data-widget_type=\"ct_accordion.default\">\n\t\t\t\t<div class=\"elementor-widget-container\">\n\t\t\t\t\t    <div id=\"ct_accordion-60e5f30\" class=\"ct-accordion layout1 style1\">\r\n                    <div class=\"ct-accordion-item active\">\r\n                <div class=\"ct-ac-title active\" data-target=\"#98e146cct_accordion-60e5f30\">\r\n                    <a class=\"ct-ac-title-text\">\r\n                                                                        \u041a\u0430\u043a\u0438\u0435 \u0432\u0438\u0434\u044b \u043f\u043b\u0430\u0441\u0442\u0438\u043a\u043e\u0432\u044b\u0445 \u0434\u0435\u0442\u0430\u043b\u0435\u0439 \u043f\u0440\u043e\u0438\u0437\u0432\u043e\u0434\u0438\u0442 \u043a\u043e\u043c\u043f\u0430\u043d\u0438\u044f \u00d6z K\u0131l\u0131\u00e7arslan G\u0131da?                        <i class=\"ct-icon-accordion\"><\/i>\r\n                    <\/a>\r\n                <\/div>\r\n                <div id=\"98e146cct_accordion-60e5f30\" class=\"ct-ac-content\" style=\"display:block;\"><p>\u041a\u043e\u043c\u043f\u0430\u043d\u0438\u044f \u00d6z K\u0131l\u0131\u00e7arslan G\u0131da \u043f\u0440\u0435\u0434\u043e\u0441\u0442\u0430\u0432\u043b\u044f\u0435\u0442 \u0448\u0438\u0440\u043e\u043a\u0438\u0439 \u0441\u043f\u0435\u043a\u0442\u0440 \u0443\u0441\u043b\u0443\u0433 \u0432 \u043e\u0431\u043b\u0430\u0441\u0442\u0438 \u043f\u0440\u043e\u0438\u0437\u0432\u043e\u0434\u0441\u0442\u0432\u0430 \u043f\u043b\u0430\u0441\u0442\u0438\u043a\u043e\u0432\u044b\u0445 \u0434\u0435\u0442\u0430\u043b\u0435\u0439. \u041d\u0430\u0448\u0430 \u043f\u0440\u043e\u0434\u0443\u043a\u0446\u0438\u044f \u0432\u043a\u043b\u044e\u0447\u0430\u0435\u0442 \u0432 \u0441\u0435\u0431\u044f \u0440\u0430\u0437\u043b\u0438\u0447\u043d\u044b\u0435 \u0443\u043f\u0430\u043a\u043e\u0432\u043e\u0447\u043d\u044b\u0435 \u0440\u0435\u0448\u0435\u043d\u0438\u044f, \u044d\u0442\u0438\u043a\u0435\u0442\u043a\u0438, \u043a\u043e\u0440\u043e\u0431\u043a\u0438 \u0438 \u0443\u043f\u0430\u043a\u043e\u0432\u043e\u0447\u043d\u044b\u0435 \u043c\u0430\u0442\u0435\u0440\u0438\u0430\u043b\u044b.<\/p><\/div>\r\n            <\/div>\r\n                    <div class=\"ct-accordion-item\">\r\n                <div class=\"ct-ac-title\" data-target=\"#25b80e7ct_accordion-60e5f30\">\r\n                    <a class=\"ct-ac-title-text\">\r\n                                                                        \u0415\u0441\u0442\u044c \u043b\u0438 \u0443 \u0432\u0430\u0441 \u0433\u0430\u0440\u0430\u043d\u0442\u0438\u044f \u043a\u0430\u0447\u0435\u0441\u0442\u0432\u0430 \u043d\u0430 \u0432\u0430\u0448\u0443 \u043f\u0440\u043e\u0434\u0443\u043a\u0446\u0438\u044e?                        <i class=\"ct-icon-accordion\"><\/i>\r\n                    <\/a>\r\n                <\/div>\r\n                <div id=\"25b80e7ct_accordion-60e5f30\" class=\"ct-ac-content\"><p>\u0414\u0430, \u0432\u0441\u044f \u043d\u0430\u0448\u0430 \u043f\u0440\u043e\u0434\u0443\u043a\u0446\u0438\u044f \u043f\u0440\u043e\u0438\u0437\u0432\u043e\u0434\u0438\u0442\u0441\u044f \u0432 \u0441\u043e\u043e\u0442\u0432\u0435\u0442\u0441\u0442\u0432\u0438\u0438 \u0441 \u0432\u044b\u0441\u043e\u043a\u0438\u043c\u0438 \u0441\u0442\u0430\u043d\u0434\u0430\u0440\u0442\u0430\u043c\u0438 \u043a\u0430\u0447\u0435\u0441\u0442\u0432\u0430 \u0438 \u043f\u0440\u043e\u0445\u043e\u0434\u0438\u0442 \u043f\u0440\u043e\u0446\u0435\u0441\u0441\u044b \u043a\u043e\u043d\u0442\u0440\u043e\u043b\u044f \u043a\u0430\u0447\u0435\u0441\u0442\u0432\u0430. \u0423\u0434\u043e\u0432\u043b\u0435\u0442\u0432\u043e\u0440\u0435\u043d\u043d\u043e\u0441\u0442\u044c \u043a\u043b\u0438\u0435\u043d\u0442\u043e\u0432 \u044f\u0432\u043b\u044f\u0435\u0442\u0441\u044f \u043d\u0430\u0448\u0438\u043c \u0433\u043b\u0430\u0432\u043d\u044b\u043c \u043f\u0440\u0438\u043e\u0440\u0438\u0442\u0435\u0442\u043e\u043c.<\/p><\/div>\r\n            <\/div>\r\n                    <div class=\"ct-accordion-item\">\r\n                <div class=\"ct-ac-title\" data-target=\"#5caa056ct_accordion-60e5f30\">\r\n                    <a class=\"ct-ac-title-text\">\r\n                                                                        \u0412 \u043a\u0430\u043a\u0438\u0445 \u0441\u0435\u043a\u0442\u043e\u0440\u0430\u0445 \u043a\u043e\u043c\u043f\u0430\u043d\u0438\u044f \u00d6z K\u0131l\u0131\u00e7arslan G\u0131da \u0438\u0441\u043f\u043e\u043b\u044c\u0437\u0443\u0435\u0442 \u0441\u0432\u043e\u044e \u043f\u0440\u043e\u0434\u0443\u043a\u0446\u0438\u044e?                        <i class=\"ct-icon-accordion\"><\/i>\r\n                    <\/a>\r\n                <\/div>\r\n                <div id=\"5caa056ct_accordion-60e5f30\" class=\"ct-ac-content\"><p>\u041d\u0430\u0448\u0430 \u043f\u0440\u043e\u0434\u0443\u043a\u0446\u0438\u044f \u0438\u0441\u043f\u043e\u043b\u044c\u0437\u0443\u0435\u0442\u0441\u044f \u0432 \u043f\u0438\u0449\u0435\u0432\u043e\u0439, \u043a\u043e\u0441\u043c\u0435\u0442\u0438\u0447\u0435\u0441\u043a\u043e\u0439, \u0444\u0430\u0440\u043c\u0430\u0446\u0435\u0432\u0442\u0438\u0447\u0435\u0441\u043a\u043e\u0439, \u0442\u0435\u043a\u0441\u0442\u0438\u043b\u044c\u043d\u043e\u0439 \u043f\u0440\u043e\u043c\u044b\u0448\u043b\u0435\u043d\u043d\u043e\u0441\u0442\u0438 \u0438 \u0432\u043e \u043c\u043d\u043e\u0433\u0438\u0445 \u0434\u0440\u0443\u0433\u0438\u0445 \u043e\u0442\u0440\u0430\u0441\u043b\u044f\u0445.<\/p><\/div>\r\n            <\/div>\r\n                    <div class=\"ct-accordion-item\">\r\n                <div class=\"ct-ac-title\" data-target=\"#5224166ct_accordion-60e5f30\">\r\n                    <a class=\"ct-ac-title-text\">\r\n                                                                        \u041a\u0430\u043a\u043e\u0432\u0430 \u0441\u043a\u043e\u0440\u043e\u0441\u0442\u044c \u0432\u0430\u0448\u0435\u0433\u043e \u043f\u0440\u043e\u0438\u0437\u0432\u043e\u0434\u0441\u0442\u0432\u0435\u043d\u043d\u043e\u0433\u043e \u043f\u0440\u043e\u0446\u0435\u0441\u0441\u0430?                        <i class=\"ct-icon-accordion\"><\/i>\r\n                    <\/a>\r\n                <\/div>\r\n                <div id=\"5224166ct_accordion-60e5f30\" class=\"ct-ac-content\"><p>\u0421\u0440\u043e\u043a \u0438\u0437\u0433\u043e\u0442\u043e\u0432\u043b\u0435\u043d\u0438\u044f \u043c\u043e\u0436\u0435\u0442 \u0432\u0430\u0440\u044c\u0438\u0440\u043e\u0432\u0430\u0442\u044c\u0441\u044f \u0432 \u0437\u0430\u0432\u0438\u0441\u0438\u043c\u043e\u0441\u0442\u0438 \u043e\u0442 \u0442\u0438\u043f\u0430 \u0438 \u043a\u043e\u043b\u0438\u0447\u0435\u0441\u0442\u0432\u0430 \u0437\u0430\u043a\u0430\u0437\u0430. \u041e\u0434\u043d\u0430\u043a\u043e \u0431\u043b\u0430\u0433\u043e\u0434\u0430\u0440\u044f \u043d\u0430\u0448\u0438\u043c \u0431\u044b\u0441\u0442\u0440\u044b\u043c \u0438 \u044d\u0444\u0444\u0435\u043a\u0442\u0438\u0432\u043d\u044b\u043c \u043f\u0440\u043e\u0438\u0437\u0432\u043e\u0434\u0441\u0442\u0432\u0435\u043d\u043d\u044b\u043c \u043f\u0440\u043e\u0446\u0435\u0441\u0441\u0430\u043c \u043c\u044b \u0433\u0430\u0440\u0430\u043d\u0442\u0438\u0440\u0443\u0435\u043c \u0441\u0432\u043e\u0435\u0432\u0440\u0435\u043c\u0435\u043d\u043d\u0443\u044e \u0434\u043e\u0441\u0442\u0430\u0432\u043a\u0443 \u043d\u0430\u0448\u0438\u043c \u043a\u043b\u0438\u0435\u043d\u0442\u0430\u043c.<\/p><\/div>\r\n            <\/div>\r\n                    <div class=\"ct-accordion-item\">\r\n                <div class=\"ct-ac-title\" data-target=\"#1a5b310ct_accordion-60e5f30\">\r\n                    <a class=\"ct-ac-title-text\">\r\n                                                                        \u041a\u0430\u043a \u044f \u043c\u043e\u0433\u0443 \u0441\u0434\u0435\u043b\u0430\u0442\u044c \u0437\u0430\u043a\u0430\u0437 \u0432 \u00d6z K\u0131l\u0131\u00e7arslan G\u0131da?                        <i class=\"ct-icon-accordion\"><\/i>\r\n                    <\/a>\r\n                <\/div>\r\n                <div id=\"1a5b310ct_accordion-60e5f30\" class=\"ct-ac-content\"><p>\u0427\u0442\u043e\u0431\u044b \u043e\u0444\u043e\u0440\u043c\u0438\u0442\u044c \u0437\u0430\u043a\u0430\u0437, \u0432\u044b \u043c\u043e\u0436\u0435\u0442\u0435 \u0441\u0432\u044f\u0437\u0430\u0442\u044c\u0441\u044f \u0441 \u043d\u0430\u043c\u0438 \u0438\u043b\u0438 \u0441\u043e\u0437\u0434\u0430\u0442\u044c \u0437\u0430\u044f\u0432\u043a\u0443 \u0447\u0435\u0440\u0435\u0437 \u043d\u0430\u0448 \u0441\u0430\u0439\u0442. \u041d\u0430\u0448 \u043e\u0442\u0434\u0435\u043b \u043f\u0440\u043e\u0434\u0430\u0436 \u0441\u0432\u044f\u0436\u0435\u0442\u0441\u044f \u0441 \u0432\u0430\u043c\u0438 \u043a\u0430\u043a \u043c\u043e\u0436\u043d\u043e \u0441\u043a\u043e\u0440\u0435\u0435.<\/p><\/div>\r\n            <\/div>\r\n                    <div class=\"ct-accordion-item\">\r\n                <div class=\"ct-ac-title\" data-target=\"#ddd819cct_accordion-60e5f30\">\r\n                    <a class=\"ct-ac-title-text\">\r\n                                                                        \u0412\u044b \u043f\u0440\u0435\u0434\u043e\u0441\u0442\u0430\u0432\u043b\u044f\u0435\u0442\u0435 \u0443\u0441\u043b\u0443\u0433\u0438 \u0442\u043e\u043b\u044c\u043a\u043e \u043d\u0430 \u0442\u0435\u0440\u0440\u0438\u0442\u043e\u0440\u0438\u0438 \u0422\u0443\u0440\u0446\u0438\u0438?                        <i class=\"ct-icon-accordion\"><\/i>\r\n                    <\/a>\r\n                <\/div>\r\n                <div id=\"ddd819cct_accordion-60e5f30\" class=\"ct-ac-content\"><p>\u041d\u0435\u0442, \u00d6z K\u0131l\u0131\u00e7arslan \u0442\u0430\u043a\u0436\u0435 \u043f\u0440\u0435\u0434\u043e\u0441\u0442\u0430\u0432\u043b\u044f\u0435\u0442 \u0443\u0441\u043b\u0443\u0433\u0438 \u043d\u0430 \u0437\u0430\u0440\u0443\u0431\u0435\u0436\u043d\u044b\u0445 \u0440\u044b\u043d\u043a\u0430\u0445. \u041d\u0430\u0448\u0430 \u043f\u0440\u043e\u0434\u0443\u043a\u0446\u0438\u044f \u043f\u043e\u0441\u0442\u0430\u0432\u043b\u044f\u0435\u0442\u0441\u044f \u043a\u043b\u0438\u0435\u043d\u0442\u0430\u043c \u043f\u043e \u0432\u0441\u0435\u043c\u0443 \u043c\u0438\u0440\u0443.<\/p><\/div>\r\n            <\/div>\r\n                    <div class=\"ct-accordion-item\">\r\n                <div class=\"ct-ac-title\" data-target=\"#ea20fa5ct_accordion-60e5f30\">\r\n                    <a class=\"ct-ac-title-text\">\r\n                                                                        \u0423 \u0432\u0430\u0441 \u044d\u043a\u043e\u043b\u043e\u0433\u0438\u0447\u0435\u0441\u043a\u0438 \u0447\u0438\u0441\u0442\u0430\u044f \u043f\u0440\u043e\u0434\u0443\u043a\u0446\u0438\u044f?                        <i class=\"ct-icon-accordion\"><\/i>\r\n                    <\/a>\r\n                <\/div>\r\n                <div id=\"ea20fa5ct_accordion-60e5f30\" class=\"ct-ac-content\"><p>\u0414\u0430, \u0443 \u043d\u0430\u0441 \u0435\u0441\u0442\u044c \u043f\u0435\u0440\u0435\u0440\u0430\u0431\u0430\u0442\u044b\u0432\u0430\u0435\u043c\u0430\u044f \u043f\u0440\u043e\u0434\u0443\u043a\u0446\u0438\u044f, \u0438\u0437\u0433\u043e\u0442\u043e\u0432\u043b\u0435\u043d\u043d\u0430\u044f \u0438\u0437 \u044d\u043a\u043e\u043b\u043e\u0433\u0438\u0447\u0435\u0441\u043a\u0438 \u0447\u0438\u0441\u0442\u044b\u0445 \u043c\u0430\u0442\u0435\u0440\u0438\u0430\u043b\u043e\u0432. \u0423\u0441\u0442\u043e\u0439\u0447\u0438\u0432\u043e\u0435 \u0440\u0430\u0437\u0432\u0438\u0442\u0438\u0435 \u044f\u0432\u043b\u044f\u0435\u0442\u0441\u044f \u0432\u0430\u0436\u043d\u043e\u0439 \u0447\u0430\u0441\u0442\u044c\u044e \u043d\u0430\u0448\u0438\u0445 \u043f\u0440\u043e\u0438\u0437\u0432\u043e\u0434\u0441\u0442\u0432\u0435\u043d\u043d\u044b\u0445 \u043f\u0440\u043e\u0446\u0435\u0441\u0441\u043e\u0432.<\/p><\/div>\r\n            <\/div>\r\n                    <div class=\"ct-accordion-item\">\r\n                <div class=\"ct-ac-title\" data-target=\"#613a0cact_accordion-60e5f30\">\r\n                    <a class=\"ct-ac-title-text\">\r\n                                                                        \u0412\u044b\u043f\u0443\u0441\u043a\u0430\u0435\u0442 \u043b\u0438 \u00d6z K\u0131l\u0131\u00e7arslan G\u0131da \u044d\u0442\u0438\u043a\u0435\u0442\u043a\u0438?                        <i class=\"ct-icon-accordion\"><\/i>\r\n                    <\/a>\r\n                <\/div>\r\n                <div id=\"613a0cact_accordion-60e5f30\" class=\"ct-ac-content\"><p>\u0414\u0430, \u043a\u043e\u043c\u043f\u0430\u043d\u0438\u044f \u00d6z K\u0131l\u0131\u00e7arslan G\u0131da \u043f\u0440\u043e\u0438\u0437\u0432\u043e\u0434\u0438\u0442 \u0432\u0441\u0435 \u0432\u0438\u0434\u044b \u0443\u043f\u0430\u043a\u043e\u0432\u043e\u0447\u043d\u044b\u0445 \u044d\u0442\u0438\u043a\u0435\u0442\u043e\u043a. \u041c\u044b \u043f\u0440\u0435\u0434\u043b\u0430\u0433\u0430\u0435\u043c \u0440\u0435\u0448\u0435\u043d\u0438\u044f \u043f\u043e \u044d\u0442\u0438\u043a\u0435\u0442\u0438\u0440\u043e\u0432\u0430\u043d\u0438\u044e \u0441\u043e \u0441\u043f\u0435\u0446\u0438\u0430\u043b\u044c\u043d\u044b\u043c \u0434\u0438\u0437\u0430\u0439\u043d\u043e\u043c \u0438 \u043f\u0435\u0447\u0430\u0442\u044c\u044e \u0434\u043b\u044f \u043d\u0430\u0448\u0435\u0439 \u043f\u0440\u043e\u0434\u0443\u043a\u0446\u0438\u0438.<\/p><\/div>\r\n            <\/div>\r\n                    <div class=\"ct-accordion-item\">\r\n                <div class=\"ct-ac-title\" data-target=\"#43332f9ct_accordion-60e5f30\">\r\n                    <a class=\"ct-ac-title-text\">\r\n                                                                        \u041a\u0430\u043a\u0438\u0435 \u0441\u043f\u043e\u0441\u043e\u0431\u044b \u043e\u043f\u043b\u0430\u0442\u044b \u0432\u044b \u043f\u0440\u0438\u043d\u0438\u043c\u0430\u0435\u0442\u0435?                        <i class=\"ct-icon-accordion\"><\/i>\r\n                    <\/a>\r\n                <\/div>\r\n                <div id=\"43332f9ct_accordion-60e5f30\" class=\"ct-ac-content\"><p>\u041c\u044b \u043f\u0440\u0438\u043d\u0438\u043c\u0430\u0435\u043c \u0440\u0430\u0437\u043b\u0438\u0447\u043d\u044b\u0435 \u0441\u043f\u043e\u0441\u043e\u0431\u044b \u043e\u043f\u043b\u0430\u0442\u044b, \u0432\u043a\u043b\u044e\u0447\u0430\u044f \u0431\u0430\u043d\u043a\u043e\u0432\u0441\u043a\u0438\u0439 \u043f\u0435\u0440\u0435\u0432\u043e\u0434, \u043a\u0440\u0435\u0434\u0438\u0442\u043d\u0443\u044e \u043a\u0430\u0440\u0442\u0443 \u0438 \u043d\u0430\u043b\u0438\u0447\u043d\u044b\u0435.<\/p><\/div>\r\n            <\/div>\r\n                    <div class=\"ct-accordion-item\">\r\n                <div class=\"ct-ac-title\" data-target=\"#f930b5bct_accordion-60e5f30\">\r\n                    <a class=\"ct-ac-title-text\">\r\n                                                                        \u0421\u043a\u043e\u043b\u044c\u043a\u043e \u0432\u0440\u0435\u043c\u0435\u043d\u0438 \u0437\u0430\u0439\u043c\u0435\u0442 \u0434\u043e\u0441\u0442\u0430\u0432\u043a\u0430 \u043c\u043e\u0435\u0433\u043e \u0437\u0430\u043a\u0430\u0437\u0430?                        <i class=\"ct-icon-accordion\"><\/i>\r\n                    <\/a>\r\n                <\/div>\r\n                <div id=\"f930b5bct_accordion-60e5f30\" class=\"ct-ac-content\"><p>\u0421\u0440\u043e\u043a \u0434\u043e\u0441\u0442\u0430\u0432\u043a\u0438 \u0432\u0430\u0440\u044c\u0438\u0440\u0443\u0435\u0442\u0441\u044f \u0432 \u0437\u0430\u0432\u0438\u0441\u0438\u043c\u043e\u0441\u0442\u0438 \u043e\u0442 \u0442\u0438\u043f\u0430 \u0438 \u043a\u043e\u043b\u0438\u0447\u0435\u0441\u0442\u0432\u0430 \u0437\u0430\u043a\u0430\u0437\u0430. \u041e\u0434\u043d\u0430\u043a\u043e \u043c\u044b \u043e\u043f\u0442\u0438\u043c\u0438\u0437\u0438\u0440\u043e\u0432\u0430\u043b\u0438 \u0432\u0441\u0435 \u043d\u0430\u0448\u0438 \u043f\u0440\u043e\u0446\u0435\u0441\u0441\u044b \u0434\u043b\u044f \u0431\u044b\u0441\u0442\u0440\u043e\u0439 \u0438 \u0441\u0432\u043e\u0435\u0432\u0440\u0435\u043c\u0435\u043d\u043d\u043e\u0439 \u0434\u043e\u0441\u0442\u0430\u0432\u043a\u0438.<\/p><\/div>\r\n            <\/div>\r\n                    <div class=\"ct-accordion-item\">\r\n                <div class=\"ct-ac-title\" data-target=\"#ea6a8cact_accordion-60e5f30\">\r\n                    <a class=\"ct-ac-title-text\">\r\n                                                                        \u0418\u0437\u0433\u043e\u0442\u0430\u0432\u043b\u0438\u0432\u0430\u0435\u0442\u0435 \u043b\u0438 \u0432\u044b \u043f\u0440\u043e\u0434\u0443\u043a\u0446\u0438\u044e \u043f\u043e \u0441\u043f\u0435\u0446\u0438\u0430\u043b\u044c\u043d\u044b\u043c \u043f\u0440\u043e\u0435\u043a\u0442\u0430\u043c?                        <i class=\"ct-icon-accordion\"><\/i>\r\n                    <\/a>\r\n                <\/div>\r\n                <div id=\"ea6a8cact_accordion-60e5f30\" class=\"ct-ac-content\"><p>\u0414\u0430, \u043c\u044b \u043c\u043e\u0436\u0435\u043c \u043f\u0435\u0440\u0441\u043e\u043d\u0430\u043b\u0438\u0437\u0438\u0440\u043e\u0432\u0430\u0442\u044c \u0432\u0430\u0448\u0443 \u043f\u0440\u043e\u0434\u0443\u043a\u0446\u0438\u044e, \u0440\u0430\u0437\u0440\u0430\u0431\u043e\u0442\u0430\u0432 \u0441\u043f\u0435\u0446\u0438\u0430\u043b\u044c\u043d\u044b\u0439 \u0434\u0438\u0437\u0430\u0439\u043d \u0432 \u0441\u043e\u043e\u0442\u0432\u0435\u0442\u0441\u0442\u0432\u0438\u0438 \u0441 \u0442\u0440\u0435\u0431\u043e\u0432\u0430\u043d\u0438\u044f\u043c\u0438 \u0437\u0430\u043a\u0430\u0437\u0447\u0438\u043a\u0430. \u0412\u044b \u043c\u043e\u0436\u0435\u0442\u0435 \u0441\u0432\u044f\u0437\u0430\u0442\u044c\u0441\u044f \u0441 \u043d\u0430\u043c\u0438, \u0447\u0442\u043e\u0431\u044b \u043f\u043e\u043b\u0443\u0447\u0438\u0442\u044c \u043f\u043e\u0434\u0440\u043e\u0431\u043d\u0443\u044e \u0438\u043d\u0444\u043e\u0440\u043c\u0430\u0446\u0438\u044e \u043e \u0432\u0430\u0448\u0438\u0445 \u0437\u0430\u043a\u0430\u0437\u0430\u0445.<\/p><\/div>\r\n            <\/div>\r\n                    <div class=\"ct-accordion-item\">\r\n                <div class=\"ct-ac-title\" data-target=\"#aeff4d7ct_accordion-60e5f30\">\r\n                    <a class=\"ct-ac-title-text\">\r\n                                                                        \u041a\u0430\u043a \u044f \u043c\u043e\u0433\u0443 \u0441\u0432\u044f\u0437\u0430\u0442\u044c\u0441\u044f \u0441 \u041e\u0437 \u041a\u044b\u043b\u044b\u0447\u0430\u0440\u0441\u043b\u0430\u043d \u0413\u044b\u0434\u0430?                        <i class=\"ct-icon-accordion\"><\/i>\r\n                    <\/a>\r\n                <\/div>\r\n                <div id=\"aeff4d7ct_accordion-60e5f30\" class=\"ct-ac-content\"><p>\u0412\u044b \u043c\u043e\u0436\u0435\u0442\u0435 \u0441\u0432\u044f\u0437\u0430\u0442\u044c\u0441\u044f \u0441 \u043d\u0430\u043c\u0438 \u0447\u0435\u0440\u0435\u0437 \u043d\u0430\u0448 \u0432\u0435\u0431-\u0441\u0430\u0439\u0442 \u0438\u043b\u0438 \u0441\u0432\u044f\u0437\u0430\u0442\u044c\u0441\u044f \u0441 \u043d\u0430\u0448\u0438\u043c \u043f\u0440\u0435\u0434\u0441\u0442\u0430\u0432\u0438\u0442\u0435\u043b\u0435\u043c \u043f\u043e \u0440\u0430\u0431\u043e\u0442\u0435 \u0441 \u043a\u043b\u0438\u0435\u043d\u0442\u0430\u043c\u0438 \u043f\u043e \u043d\u0430\u0448\u0435\u043c\u0443 \u043d\u043e\u043c\u0435\u0440\u0443 \u0442\u0435\u043b\u0435\u0444\u043e\u043d\u0430. \u0412\u044b \u0442\u0430\u043a\u0436\u0435 \u043c\u043e\u0436\u0435\u0442\u0435 \u0441\u0432\u044f\u0437\u0430\u0442\u044c\u0441\u044f \u043f\u043e \u044d\u043b\u0435\u043a\u0442\u0440\u043e\u043d\u043d\u043e\u0439 \u043f\u043e\u0447\u0442\u0435.<\/p><\/div>\r\n            <\/div>\r\n            <\/div>\r\n    \t\t\t\t<\/div>\n\t\t\t\t<\/div>\n\t\t            <\/div>\n        <\/div>\n                    <\/div>\n        <\/section>\n        \t\t<\/div>","protected":false},"excerpt":{"rendered":"<p>S-S-S S\u0131k\u00e7a Sorulan Sorular \u00dcr\u00fcnlerimiz ve hizmetlerimizle ilgili en \u00e7ok sorulan sorular\u0131 bu alanda bulabilirsiniz. Di\u011fer sorular\u0131n\u0131z i\u00e7in m\u00fc\u015fteri destek ekibimizle ileti\u015fime ge\u00e7ebilirsiniz \u00d6z K\u0131l\u0131\u00e7arslan G\u0131da hangi t\u00fcr plastik par\u00e7alar \u00fcretmektedir? \u00d6z K\u0131l\u0131\u00e7arslan G\u0131da, plastik par\u00e7a \u00fcretimi alan\u0131nda geni\u015f bir yelpazede hizmet verir. \u00dcr\u00fcnlerimiz aras\u0131nda \u00e7e\u015fitli ambalaj \u00e7\u00f6z\u00fcmleri, etiketleme, kutu ve ambalaj malzemeleri yer almaktad\u0131r. [&hellip;]<\/p>","protected":false},"author":1,"featured_media":0,"parent":0,"menu_order":0,"comment_status":"closed","ping_status":"closed","template":"","meta":{"pgc_sgb_lightbox_settings":"","_joinchat":[],"footnotes":""},"class_list":["post-30","page","type-page","status-publish","hentry"],"_links":{"self":[{"href":"https:\/\/ozkilicarslan.com\/ru\/wp-json\/wp\/v2\/pages\/30","targetHints":{"allow":["GET"]}}],"collection":[{"href":"https:\/\/ozkilicarslan.com\/ru\/wp-json\/wp\/v2\/pages"}],"about":[{"href":"https:\/\/ozkilicarslan.com\/ru\/wp-json\/wp\/v2\/types\/page"}],"author":[{"embeddable":true,"href":"https:\/\/ozkilicarslan.com\/ru\/wp-json\/wp\/v2\/users\/1"}],"replies":[{"embeddable":true,"href":"https:\/\/ozkilicarslan.com\/ru\/wp-json\/wp\/v2\/comments?post=30"}],"version-history":[{"count":10,"href":"https:\/\/ozkilicarslan.com\/ru\/wp-json\/wp\/v2\/pages\/30\/revisions"}],"predecessor-version":[{"id":6239,"href":"https:\/\/ozkilicarslan.com\/ru\/wp-json\/wp\/v2\/pages\/30\/revisions\/6239"}],"wp:attachment":[{"href":"https:\/\/ozkilicarslan.com\/ru\/wp-json\/wp\/v2\/media?parent=30"}],"curies":[{"name":"wp","href":"https:\/\/api.w.org\/{rel}","templated":true}]}}