{"id":409,"date":"2025-02-18T14:41:48","date_gmt":"2025-02-18T11:41:48","guid":{"rendered":"https:\/\/demo.casethemes.net\/consultio-corporate2\/?page_id=409"},"modified":"2025-02-18T19:14:24","modified_gmt":"2025-02-18T16:14:24","slug":"hizmetlerimiz","status":"publish","type":"page","link":"https:\/\/ozkilicarslan.com\/ru\/hizmetlerimiz\/","title":{"rendered":"\u041d\u0430\u0448\u0438 \u0443\u0441\u043b\u0443\u0433\u0438"},"content":{"rendered":"<div data-elementor-type=\"wp-page\" data-elementor-id=\"409\" class=\"elementor elementor-409\" data-elementor-post-type=\"page\">\n\t\t\t\t        <section class=\"elementor-section elementor-top-section elementor-element elementor-element-21b714b5 elementor-section-content-middle elementor-section-boxed elementor-section-height-default elementor-section-height-default ct-header-fixed-none ct-row-max-none\" data-id=\"21b714b5\" data-element_type=\"section\">\n            \n                        <div class=\"elementor-container elementor-column-gap-extended\">\n                    <div class=\"elementor-column elementor-col-50 elementor-top-column elementor-element elementor-element-69e72f28\" data-id=\"69e72f28\" data-element_type=\"column\">\n        <div class=\"elementor-widget-wrap elementor-element-populated\">\n                    \n        \t\t<div class=\"elementor-element elementor-element-2703b0d1 elementor-widget elementor-widget-ct_heading\" data-id=\"2703b0d1\" data-element_type=\"widget\" data-widget_type=\"ct_heading.default\">\n\t\t\t\t<div class=\"elementor-widget-container\">\n\t\t\t\t\t<div id=\"ct_heading-2703b0d1\" class=\"ct-heading h-align- sub-style1 ct-heading-left item-st-default\">\r\n\t<div class=\"ct-item--inner\">\r\n        <div class=\"ct-inline-css\"  data-css=\"            \">\r\n        <\/div>\r\n            \t\t<div class=\"item--sub-title style1 show-line\">\r\n                                                \u0423\u0441\u043b\u0443\u0433\u0438                                                            <\/div>\r\n    \t        <h3 class=\"item--title st-default case-animate-time\" data-wow-delay=\"ms\">\r\n                        <span class=\"sp-main\">\r\n                \r\n                \u0412\u0441\u0435 \u043d\u0430\u0448\u0438 \u0443\u0441\u043b\u0443\u0433\u0438\r\n                \r\n                            <\/span>\r\n                    <\/h3>\r\n    <\/div>\r\n<\/div>\t\t\t\t<\/div>\n\t\t\t\t<\/div>\n\t\t            <\/div>\n        <\/div>\n                <div class=\"elementor-column elementor-col-50 elementor-top-column elementor-element elementor-element-4b3f4661\" data-id=\"4b3f4661\" data-element_type=\"column\">\n        <div class=\"elementor-widget-wrap elementor-element-populated\">\n                    \n        \t\t<div class=\"elementor-element elementor-element-76dfc09b elementor-widget elementor-widget-text-editor\" data-id=\"76dfc09b\" data-element_type=\"widget\" data-widget_type=\"text-editor.default\">\n\t\t\t\t<div class=\"elementor-widget-container\">\n\t\t\t\t\t\t\t\t\t<p>\u0418\u0441\u043f\u043e\u043b\u044c\u0437\u0443\u044f \u0441\u043e\u0432\u0440\u0435\u043c\u0435\u043d\u043d\u044b\u0435 \u0442\u0435\u0445\u043d\u043e\u043b\u043e\u0433\u0438\u0438 \u0432 \u043d\u0430\u0448\u0438\u0445 \u043f\u0440\u043e\u0438\u0437\u0432\u043e\u0434\u0441\u0442\u0432\u0435\u043d\u043d\u044b\u0445 \u043f\u0440\u043e\u0446\u0435\u0441\u0441\u0430\u0445, \u043c\u044b \u043f\u0440\u043e\u0438\u0437\u0432\u043e\u0434\u0438\u043c \u043f\u043b\u0430\u0441\u0442\u0438\u043a\u043e\u0432\u044b\u0435 \u043a\u043e\u043c\u043f\u043e\u043d\u0435\u043d\u0442\u044b \u0438 \u0443\u043f\u0430\u043a\u043e\u0432\u043e\u0447\u043d\u044b\u0435 \u043c\u0430\u0442\u0435\u0440\u0438\u0430\u043b\u044b, \u043f\u043e\u0434\u0445\u043e\u0434\u044f\u0449\u0438\u0435 \u0434\u043b\u044f \u0440\u0430\u0437\u043b\u0438\u0447\u043d\u044b\u0445 \u043e\u0442\u0440\u0430\u0441\u043b\u0435\u0439.<\/p>\t\t\t\t\t\t\t\t<\/div>\n\t\t\t\t<\/div>\n\t\t            <\/div>\n        <\/div>\n                    <\/div>\n        <\/section>\n                <section class=\"elementor-section elementor-top-section elementor-element elementor-element-3a8ea759 elementor-section-boxed elementor-section-height-default elementor-section-height-default ct-header-fixed-none ct-row-max-none\" data-id=\"3a8ea759\" data-element_type=\"section\">\n            \n                        <div class=\"elementor-container elementor-column-gap-extended\">\n                    <div class=\"elementor-column elementor-col-100 elementor-top-column elementor-element elementor-element-68d2945\" data-id=\"68d2945\" data-element_type=\"column\">\n        <div class=\"elementor-widget-wrap elementor-element-populated\">\n                    \n        \t\t<div class=\"elementor-element elementor-element-5249e166 elementor-widget elementor-widget-ct_service_grid\" data-id=\"5249e166\" data-element_type=\"widget\" data-widget_type=\"ct_service_grid.default\">\n\t\t\t\t<div class=\"elementor-widget-container\">\n\t\t\t\t\t\r\n<div id=\"ct_service_grid-5249e166\" class=\"ct-grid ct-service-grid6\" data-layout=\"masonry\" data-start-page=\"1\" data-max-pages=\"1\" data-total=\"6\" data-perpage=\"50\" data-next-link=\"\">\r\n    <div class=\"ct-grid-overlay\"><\/div>\r\n    \r\n    <div class=\"ct-grid-inner ct-grid-masonry row animate-time\" data-gutter=\"15\">\r\n                        <div class=\"grid-item col-xl-4 col-lg-4 col-md-4 col-sm-6 col-12 hizmetlerimiz\">\r\n                    <div class=\"grid-item-inner wow fadeInUp\">\r\n                                                    <div class=\"item--featured\">\r\n                                <a href=\"https:\/\/ozkilicarslan.com\/ru\/hizmetler\/plastik\/\"><img fetchpriority=\"high\" decoding=\"async\" width=\"1500\" height=\"1000\" src=\"https:\/\/ozkilicarslan.com\/wp-content\/uploads\/2025\/02\/3456763457.jpg\" class=\"disable-lazy no-lazyload attachment-full\" alt=\"\" \/><\/a>\r\n                                <svg xmlns=\"http:\/\/www.w3.org\/2000\/svg\" width=\"100%\" viewbox=\"0 0 100 100\" version=\"1.1\" preserveaspectratio=\"none\" height=\"60px\" class=\"ct-edge-hide\" style=\"fill:#ffffff\"><path stroke-width=\"0\" d=\"M0 0 C50 100 50 100 100 0 L100 100 0 100\"><\/path><\/svg>\r\n                                <svg xmlns=\"http:\/\/www.w3.org\/2000\/svg\" width=\"100%\" viewbox=\"0 0 100 100\" version=\"1.1\" preserveaspectratio=\"none\" height=\"45px\" class=\"ct-edge-hover\" style=\"fill:#ffffff\"> <path stroke-width=\"0\" d=\"M0 100 C50 0 50 0 100 100 Z\"><\/path> <\/svg>\r\n                            <\/div>\r\n                                                <div class=\"item--meta\">\r\n                                                            <h3 class=\"item--title\"><a href=\"https:\/\/ozkilicarslan.com\/ru\/hizmetler\/plastik\/\">\u041f\u043b\u0430\u0441\u0442\u0438\u043a<\/a><\/h3>\r\n                                                                                        <div class=\"item-readmore\">\r\n                                    <a href=\"https:\/\/ozkilicarslan.com\/ru\/hizmetler\/plastik\/\">\r\n                                        \u0411\u043e\u043b\u0435\u0435                                        <i class=\"zmdi zmdi-long-arrow-right\"><\/i>\r\n                                    <\/a>\r\n                                <\/div>\r\n                                                    <\/div> \r\n                    <\/div>\r\n                <\/div>\r\n                            <div class=\"grid-item col-xl-4 col-lg-4 col-md-4 col-sm-6 col-12 hizmetlerimiz\">\r\n                    <div class=\"grid-item-inner wow fadeInUp\">\r\n                                                    <div class=\"item--featured\">\r\n                                <a href=\"https:\/\/ozkilicarslan.com\/ru\/hizmetler\/iml\/\"><img decoding=\"async\" width=\"1500\" height=\"1000\" src=\"https:\/\/ozkilicarslan.com\/wp-content\/uploads\/2025\/02\/wy654345654.jpg\" class=\"disable-lazy no-lazyload attachment-full\" alt=\"\" \/><\/a>\r\n                                <svg xmlns=\"http:\/\/www.w3.org\/2000\/svg\" width=\"100%\" viewbox=\"0 0 100 100\" version=\"1.1\" preserveaspectratio=\"none\" height=\"60px\" class=\"ct-edge-hide\" style=\"fill:#ffffff\"><path stroke-width=\"0\" d=\"M0 0 C50 100 50 100 100 0 L100 100 0 100\"><\/path><\/svg>\r\n                                <svg xmlns=\"http:\/\/www.w3.org\/2000\/svg\" width=\"100%\" viewbox=\"0 0 100 100\" version=\"1.1\" preserveaspectratio=\"none\" height=\"45px\" class=\"ct-edge-hover\" style=\"fill:#ffffff\"> <path stroke-width=\"0\" d=\"M0 100 C50 0 50 0 100 100 Z\"><\/path> <\/svg>\r\n                            <\/div>\r\n                                                <div class=\"item--meta\">\r\n                                                            <h3 class=\"item--title\"><a href=\"https:\/\/ozkilicarslan.com\/ru\/hizmetler\/iml\/\">\u0418\u041c\u041b<\/a><\/h3>\r\n                                                                                        <div class=\"item-readmore\">\r\n                                    <a href=\"https:\/\/ozkilicarslan.com\/ru\/hizmetler\/iml\/\">\r\n                                        \u0411\u043e\u043b\u0435\u0435                                        <i class=\"zmdi zmdi-long-arrow-right\"><\/i>\r\n                                    <\/a>\r\n                                <\/div>\r\n                                                    <\/div> \r\n                    <\/div>\r\n                <\/div>\r\n                            <div class=\"grid-item col-xl-4 col-lg-4 col-md-4 col-sm-6 col-12 hizmetlerimiz\">\r\n                    <div class=\"grid-item-inner wow fadeInUp\">\r\n                                                    <div class=\"item--featured\">\r\n                                <a href=\"https:\/\/ozkilicarslan.com\/ru\/hizmetler\/kapak\/\"><img decoding=\"async\" width=\"1500\" height=\"1000\" src=\"https:\/\/ozkilicarslan.com\/wp-content\/uploads\/2025\/02\/23456776346.jpg\" class=\"disable-lazy no-lazyload attachment-full\" alt=\"\" \/><\/a>\r\n                                <svg xmlns=\"http:\/\/www.w3.org\/2000\/svg\" width=\"100%\" viewbox=\"0 0 100 100\" version=\"1.1\" preserveaspectratio=\"none\" height=\"60px\" class=\"ct-edge-hide\" style=\"fill:#ffffff\"><path stroke-width=\"0\" d=\"M0 0 C50 100 50 100 100 0 L100 100 0 100\"><\/path><\/svg>\r\n                                <svg xmlns=\"http:\/\/www.w3.org\/2000\/svg\" width=\"100%\" viewbox=\"0 0 100 100\" version=\"1.1\" preserveaspectratio=\"none\" height=\"45px\" class=\"ct-edge-hover\" style=\"fill:#ffffff\"> <path stroke-width=\"0\" d=\"M0 100 C50 0 50 0 100 100 Z\"><\/path> <\/svg>\r\n                            <\/div>\r\n                                                <div class=\"item--meta\">\r\n                                                            <h3 class=\"item--title\"><a href=\"https:\/\/ozkilicarslan.com\/ru\/hizmetler\/kapak\/\">\u043a\u0440\u044b\u0448\u043a\u0430<\/a><\/h3>\r\n                                                                                        <div class=\"item-readmore\">\r\n                                    <a href=\"https:\/\/ozkilicarslan.com\/ru\/hizmetler\/kapak\/\">\r\n                                        \u0411\u043e\u043b\u0435\u0435                                        <i class=\"zmdi zmdi-long-arrow-right\"><\/i>\r\n                                    <\/a>\r\n                                <\/div>\r\n                                                    <\/div> \r\n                    <\/div>\r\n                <\/div>\r\n                            <div class=\"grid-item col-xl-4 col-lg-4 col-md-4 col-sm-6 col-12 hizmetlerimiz\">\r\n                    <div class=\"grid-item-inner wow fadeInUp\">\r\n                                                    <div class=\"item--featured\">\r\n                                <a href=\"https:\/\/ozkilicarslan.com\/ru\/hizmetler\/gida-ambalajlari-ve-etiketler\/\"><img loading=\"lazy\" decoding=\"async\" width=\"1500\" height=\"1000\" src=\"https:\/\/ozkilicarslan.com\/wp-content\/uploads\/2025\/02\/345676543456456.jpg\" class=\"disable-lazy no-lazyload attachment-full\" alt=\"\" \/><\/a>\r\n                                <svg xmlns=\"http:\/\/www.w3.org\/2000\/svg\" width=\"100%\" viewbox=\"0 0 100 100\" version=\"1.1\" preserveaspectratio=\"none\" height=\"60px\" class=\"ct-edge-hide\" style=\"fill:#ffffff\"><path stroke-width=\"0\" d=\"M0 0 C50 100 50 100 100 0 L100 100 0 100\"><\/path><\/svg>\r\n                                <svg xmlns=\"http:\/\/www.w3.org\/2000\/svg\" width=\"100%\" viewbox=\"0 0 100 100\" version=\"1.1\" preserveaspectratio=\"none\" height=\"45px\" class=\"ct-edge-hover\" style=\"fill:#ffffff\"> <path stroke-width=\"0\" d=\"M0 100 C50 0 50 0 100 100 Z\"><\/path> <\/svg>\r\n                            <\/div>\r\n                                                <div class=\"item--meta\">\r\n                                                            <h3 class=\"item--title\"><a href=\"https:\/\/ozkilicarslan.com\/ru\/hizmetler\/gida-ambalajlari-ve-etiketler\/\">\u0423\u043f\u0430\u043a\u043e\u0432\u043a\u0430 \u0438 \u044d\u0442\u0438\u043a\u0435\u0442\u043a\u0438 \u0434\u043b\u044f \u043f\u0438\u0449\u0435\u0432\u044b\u0445 \u043f\u0440\u043e\u0434\u0443\u043a\u0442\u043e\u0432<\/a><\/h3>\r\n                                                                                        <div class=\"item-readmore\">\r\n                                    <a href=\"https:\/\/ozkilicarslan.com\/ru\/hizmetler\/gida-ambalajlari-ve-etiketler\/\">\r\n                                        \u0411\u043e\u043b\u0435\u0435                                        <i class=\"zmdi zmdi-long-arrow-right\"><\/i>\r\n                                    <\/a>\r\n                                <\/div>\r\n                                                    <\/div> \r\n                    <\/div>\r\n                <\/div>\r\n                            <div class=\"grid-item col-xl-4 col-lg-4 col-md-4 col-sm-6 col-12 hizmetlerimiz\">\r\n                    <div class=\"grid-item-inner wow fadeInUp\">\r\n                                                    <div class=\"item--featured\">\r\n                                <a href=\"https:\/\/ozkilicarslan.com\/ru\/hizmetler\/kutu\/\"><img loading=\"lazy\" decoding=\"async\" width=\"1500\" height=\"1000\" src=\"https:\/\/ozkilicarslan.com\/wp-content\/uploads\/2025\/02\/57867463456.jpg\" class=\"disable-lazy no-lazyload attachment-full\" alt=\"\" \/><\/a>\r\n                                <svg xmlns=\"http:\/\/www.w3.org\/2000\/svg\" width=\"100%\" viewbox=\"0 0 100 100\" version=\"1.1\" preserveaspectratio=\"none\" height=\"60px\" class=\"ct-edge-hide\" style=\"fill:#ffffff\"><path stroke-width=\"0\" d=\"M0 0 C50 100 50 100 100 0 L100 100 0 100\"><\/path><\/svg>\r\n                                <svg xmlns=\"http:\/\/www.w3.org\/2000\/svg\" width=\"100%\" viewbox=\"0 0 100 100\" version=\"1.1\" preserveaspectratio=\"none\" height=\"45px\" class=\"ct-edge-hover\" style=\"fill:#ffffff\"> <path stroke-width=\"0\" d=\"M0 100 C50 0 50 0 100 100 Z\"><\/path> <\/svg>\r\n                            <\/div>\r\n                                                <div class=\"item--meta\">\r\n                                                            <h3 class=\"item--title\"><a href=\"https:\/\/ozkilicarslan.com\/ru\/hizmetler\/kutu\/\">\u041a\u043e\u0440\u043e\u0431\u043a\u0430<\/a><\/h3>\r\n                                                                                        <div class=\"item-readmore\">\r\n                                    <a href=\"https:\/\/ozkilicarslan.com\/ru\/hizmetler\/kutu\/\">\r\n                                        \u0411\u043e\u043b\u0435\u0435                                        <i class=\"zmdi zmdi-long-arrow-right\"><\/i>\r\n                                    <\/a>\r\n                                <\/div>\r\n                                                    <\/div> \r\n                    <\/div>\r\n                <\/div>\r\n                            <div class=\"grid-item col-xl-4 col-lg-4 col-md-4 col-sm-6 col-12 hizmetlerimiz\">\r\n                    <div class=\"grid-item-inner wow fadeInUp\">\r\n                                                    <div class=\"item--featured\">\r\n                                <a href=\"https:\/\/ozkilicarslan.com\/ru\/hizmetler\/makine-parcalari\/\"><img loading=\"lazy\" decoding=\"async\" width=\"1500\" height=\"1000\" src=\"https:\/\/ozkilicarslan.com\/wp-content\/uploads\/2025\/02\/56446345646.jpg\" class=\"disable-lazy no-lazyload attachment-full\" alt=\"\" \/><\/a>\r\n                                <svg xmlns=\"http:\/\/www.w3.org\/2000\/svg\" width=\"100%\" viewbox=\"0 0 100 100\" version=\"1.1\" preserveaspectratio=\"none\" height=\"60px\" class=\"ct-edge-hide\" style=\"fill:#ffffff\"><path stroke-width=\"0\" d=\"M0 0 C50 100 50 100 100 0 L100 100 0 100\"><\/path><\/svg>\r\n                                <svg xmlns=\"http:\/\/www.w3.org\/2000\/svg\" width=\"100%\" viewbox=\"0 0 100 100\" version=\"1.1\" preserveaspectratio=\"none\" height=\"45px\" class=\"ct-edge-hover\" style=\"fill:#ffffff\"> <path stroke-width=\"0\" d=\"M0 100 C50 0 50 0 100 100 Z\"><\/path> <\/svg>\r\n                            <\/div>\r\n                                                <div class=\"item--meta\">\r\n                                                            <h3 class=\"item--title\"><a href=\"https:\/\/ozkilicarslan.com\/ru\/hizmetler\/makine-parcalari\/\">\u0414\u0435\u0442\u0430\u043b\u0438 \u043c\u0430\u0448\u0438\u043d<\/a><\/h3>\r\n                                                                                        <div class=\"item-readmore\">\r\n                                    <a href=\"https:\/\/ozkilicarslan.com\/ru\/hizmetler\/makine-parcalari\/\">\r\n                                        \u0411\u043e\u043b\u0435\u0435                                        <i class=\"zmdi zmdi-long-arrow-right\"><\/i>\r\n                                    <\/a>\r\n                                <\/div>\r\n                                                    <\/div> \r\n                    <\/div>\r\n                <\/div>\r\n                                <div class=\"grid-sizer col-xl-4 col-lg-4 col-md-4 col-sm-6 col-12\"><\/div>\r\n            <\/div>\r\n        <\/div>\t\t\t\t<\/div>\n\t\t\t\t<\/div>\n\t\t            <\/div>\n        <\/div>\n                    <\/div>\n        <\/section>\n        \t\t<\/div>","protected":false},"excerpt":{"rendered":"<p>Hizmetler T\u00fcm Hizmetlerimiz \u00dcretim s\u00fcre\u00e7lerimizde modern teknolojiler kullanarak, \u00e7e\u015fitli sekt\u00f6rlere uygun plastik bile\u015fenler ve ambalaj materyalleri \u00fcretmekteyiz. Plastik Daha Fazla Etiket Daha Fazla IML Daha Fazla Kapak Daha Fazla Ambalaj \u00c7e\u015fitleri Daha Fazla G\u0131da Ambalajlar\u0131 ve Paketleri Daha Fazla Kutu Daha Fazla Makine Par\u00e7alar\u0131 Daha Fazla<\/p>","protected":false},"author":1,"featured_media":0,"parent":0,"menu_order":0,"comment_status":"closed","ping_status":"closed","template":"","meta":{"pgc_sgb_lightbox_settings":"","_joinchat":[],"footnotes":""},"class_list":["post-409","page","type-page","status-publish","hentry"],"_links":{"self":[{"href":"https:\/\/ozkilicarslan.com\/ru\/wp-json\/wp\/v2\/pages\/409","targetHints":{"allow":["GET"]}}],"collection":[{"href":"https:\/\/ozkilicarslan.com\/ru\/wp-json\/wp\/v2\/pages"}],"about":[{"href":"https:\/\/ozkilicarslan.com\/ru\/wp-json\/wp\/v2\/types\/page"}],"author":[{"embeddable":true,"href":"https:\/\/ozkilicarslan.com\/ru\/wp-json\/wp\/v2\/users\/1"}],"replies":[{"embeddable":true,"href":"https:\/\/ozkilicarslan.com\/ru\/wp-json\/wp\/v2\/comments?post=409"}],"version-history":[{"count":17,"href":"https:\/\/ozkilicarslan.com\/ru\/wp-json\/wp\/v2\/pages\/409\/revisions"}],"predecessor-version":[{"id":5212,"href":"https:\/\/ozkilicarslan.com\/ru\/wp-json\/wp\/v2\/pages\/409\/revisions\/5212"}],"wp:attachment":[{"href":"https:\/\/ozkilicarslan.com\/ru\/wp-json\/wp\/v2\/media?parent=409"}],"curies":[{"name":"wp","href":"https:\/\/api.w.org\/{rel}","templated":true}]}}