{"id":6000,"date":"2025-02-24T14:14:17","date_gmt":"2025-02-24T11:14:17","guid":{"rendered":"https:\/\/ozkilicarslan.com\/?page_id=6000"},"modified":"2025-02-27T19:22:40","modified_gmt":"2025-02-27T16:22:40","slug":"kategoriler","status":"publish","type":"page","link":"https:\/\/ozkilicarslan.com\/ru\/kategoriler\/","title":{"rendered":"\u041a\u0430\u0442\u0435\u0433\u043e\u0440\u0438\u0438"},"content":{"rendered":"<div data-elementor-type=\"wp-page\" data-elementor-id=\"6000\" class=\"elementor elementor-6000\" data-elementor-post-type=\"page\">\n\t\t\t\t        <section class=\"elementor-section elementor-top-section elementor-element elementor-element-595e705 elementor-section-content-middle elementor-section-boxed elementor-section-height-default elementor-section-height-default ct-header-fixed-none ct-row-max-none\" data-id=\"595e705\" data-element_type=\"section\">\n            \n                        <div class=\"elementor-container elementor-column-gap-extended\">\n                    <div class=\"elementor-column elementor-col-50 elementor-top-column elementor-element elementor-element-fbf6e39\" data-id=\"fbf6e39\" data-element_type=\"column\">\n        <div class=\"elementor-widget-wrap elementor-element-populated\">\n                    \n        \t\t<div class=\"elementor-element elementor-element-e58aff6 elementor-widget elementor-widget-ct_heading\" data-id=\"e58aff6\" data-element_type=\"widget\" data-widget_type=\"ct_heading.default\">\n\t\t\t\t<div class=\"elementor-widget-container\">\n\t\t\t\t\t<div id=\"ct_heading-e58aff6\" class=\"ct-heading h-align- sub-style1 ct-heading-left item-st-default\">\r\n\t<div class=\"ct-item--inner\">\r\n        <div class=\"ct-inline-css\"  data-css=\"            \">\r\n        <\/div>\r\n            \t\t<div class=\"item--sub-title style1 show-line\">\r\n                                                \u041a\u0430\u0442\u0435\u0433\u043e\u0440\u0438\u0438                                                            <\/div>\r\n    \t        <h3 class=\"item--title st-default case-animate-time\" data-wow-delay=\"ms\">\r\n                        <span class=\"sp-main\">\r\n                \r\n                \u041d\u0430\u0448\u0438 \u043f\u0440\u043e\u0434\u0443\u043a\u0442\u044b\r\n                \r\n                            <\/span>\r\n                    <\/h3>\r\n    <\/div>\r\n<\/div>\t\t\t\t<\/div>\n\t\t\t\t<\/div>\n\t\t            <\/div>\n        <\/div>\n                <div class=\"elementor-column elementor-col-50 elementor-top-column elementor-element elementor-element-0bac2d3\" data-id=\"0bac2d3\" data-element_type=\"column\">\n        <div class=\"elementor-widget-wrap elementor-element-populated\">\n                    \n                    <\/div>\n        <\/div>\n                    <\/div>\n        <\/section>\n                <section class=\"elementor-section elementor-top-section elementor-element elementor-element-6a8d88f elementor-section-boxed elementor-section-height-default elementor-section-height-default ct-header-fixed-none ct-row-max-none\" data-id=\"6a8d88f\" data-element_type=\"section\">\n            \n                        <div class=\"elementor-container elementor-column-gap-extended\">\n                    <div class=\"elementor-column elementor-col-100 elementor-top-column elementor-element elementor-element-325916e\" data-id=\"325916e\" data-element_type=\"column\">\n        <div class=\"elementor-widget-wrap elementor-element-populated\">\n                    \n        \t\t<div class=\"elementor-element elementor-element-f3b3749 elementor-product-loop-item--align-center kategorilersayfasi elementor-grid-4 elementor-grid-tablet-3 elementor-grid-mobile-2 elementor-products-grid elementor-wc-products elementor-widget elementor-widget-wc-categories\" data-id=\"f3b3749\" data-element_type=\"widget\" data-widget_type=\"wc-categories.default\">\n\t\t\t\t<div class=\"elementor-widget-container\">\n\t\t\t\t\t<div class=\"woocommerce columns-4\"><ul class=\"products elementor-grid columns-4\">\n<li class=\"product-category product first\">\n\t<a aria-label=\"\u041f\u043e\u0441\u0435\u0442\u0438\u0442\u0435 \u043a\u0430\u0442\u0435\u0433\u043e\u0440\u0438\u044e \u0442\u043e\u0432\u0430\u0440\u0430 Kapaklar\" href=\"https:\/\/ozkilicarslan.com\/ru\/product-category\/kapaklar\/\" data-no-translation-aria-label=\"\"><img decoding=\"async\" src=\"https:\/\/ozkilicarslan.com\/wp-content\/uploads\/2025\/02\/56436543456.jpg\" alt=\"Kapaklar\" width=\"1250\" height=\"\" srcset=\"https:\/\/ozkilicarslan.com\/wp-content\/uploads\/2025\/02\/56436543456.jpg 1250w, https:\/\/ozkilicarslan.com\/wp-content\/uploads\/2025\/02\/56436543456-300x300.jpg 300w, https:\/\/ozkilicarslan.com\/wp-content\/uploads\/2025\/02\/56436543456-1024x1024.jpg 1024w, https:\/\/ozkilicarslan.com\/wp-content\/uploads\/2025\/02\/56436543456-150x150.jpg 150w, https:\/\/ozkilicarslan.com\/wp-content\/uploads\/2025\/02\/56436543456-768x768.jpg 768w, https:\/\/ozkilicarslan.com\/wp-content\/uploads\/2025\/02\/56436543456-12x12.jpg 12w\" sizes=\"(max-width: 1250px) 100vw, 1250px\" \/>\t\t<h2 class=\"woocommerce-loop-category__title\">\n\t\t\t\u041e\u0431\u043b\u043e\u0436\u043a\u0438 <mark class=\"count\">(64)<\/mark>\t\t<\/h2>\n\t\t<\/a><\/li>\n<li class=\"product-category product\">\n\t<a aria-label=\"\u041f\u043e\u0441\u0435\u0442\u0438\u0442\u0435 \u043a\u0430\u0442\u0435\u0433\u043e\u0440\u0438\u044e \u0442\u043e\u0432\u0430\u0440\u0430 \u015ei\u015feler\" href=\"https:\/\/ozkilicarslan.com\/ru\/product-category\/siseler\/\" data-no-translation-aria-label=\"\"><img decoding=\"async\" src=\"https:\/\/ozkilicarslan.com\/wp-content\/uploads\/2025\/02\/4536352345.jpg\" alt=\"\u015ei\u015feler\" width=\"1250\" height=\"\" srcset=\"https:\/\/ozkilicarslan.com\/wp-content\/uploads\/2025\/02\/4536352345.jpg 1250w, https:\/\/ozkilicarslan.com\/wp-content\/uploads\/2025\/02\/4536352345-300x300.jpg 300w, https:\/\/ozkilicarslan.com\/wp-content\/uploads\/2025\/02\/4536352345-1024x1024.jpg 1024w, https:\/\/ozkilicarslan.com\/wp-content\/uploads\/2025\/02\/4536352345-150x150.jpg 150w, https:\/\/ozkilicarslan.com\/wp-content\/uploads\/2025\/02\/4536352345-768x768.jpg 768w, https:\/\/ozkilicarslan.com\/wp-content\/uploads\/2025\/02\/4536352345-12x12.jpg 12w\" sizes=\"(max-width: 1250px) 100vw, 1250px\" \/>\t\t<h2 class=\"woocommerce-loop-category__title\">\n\t\t\t\u0411\u0443\u0442\u044b\u043b\u043a\u0438 <mark class=\"count\">(64)<\/mark>\t\t<\/h2>\n\t\t<\/a><\/li>\n<li class=\"product-category product\">\n\t<a aria-label=\"\u041f\u043e\u0441\u0435\u0442\u0438\u0442\u0435 \u043a\u0430\u0442\u0435\u0433\u043e\u0440\u0438\u044e \u0442\u043e\u0432\u0430\u0440\u0430 G\u0131da Ambalajlar\u0131\" href=\"https:\/\/ozkilicarslan.com\/ru\/product-category\/gida-ambalajlari\/\" data-no-translation-aria-label=\"\"><img decoding=\"async\" src=\"https:\/\/ozkilicarslan.com\/wp-content\/uploads\/2025\/02\/45374654567.jpg\" alt=\"G\u0131da Ambalajlar\u0131\" width=\"1250\" height=\"\" srcset=\"https:\/\/ozkilicarslan.com\/wp-content\/uploads\/2025\/02\/45374654567.jpg 1250w, https:\/\/ozkilicarslan.com\/wp-content\/uploads\/2025\/02\/45374654567-300x300.jpg 300w, https:\/\/ozkilicarslan.com\/wp-content\/uploads\/2025\/02\/45374654567-1024x1024.jpg 1024w, https:\/\/ozkilicarslan.com\/wp-content\/uploads\/2025\/02\/45374654567-150x150.jpg 150w, https:\/\/ozkilicarslan.com\/wp-content\/uploads\/2025\/02\/45374654567-768x768.jpg 768w, https:\/\/ozkilicarslan.com\/wp-content\/uploads\/2025\/02\/45374654567-12x12.jpg 12w\" sizes=\"(max-width: 1250px) 100vw, 1250px\" \/>\t\t<h2 class=\"woocommerce-loop-category__title\">\n\t\t\tG\u0131da Ambalajlar\u0131 <mark class=\"count\">(16)<\/mark>\t\t<\/h2>\n\t\t<\/a><\/li>\n<li class=\"product-category product last\">\n\t<a aria-label=\"\u041f\u043e\u0441\u0435\u0442\u0438\u0442\u0435 \u043a\u0430\u0442\u0435\u0433\u043e\u0440\u0438\u044e \u0442\u043e\u0432\u0430\u0440\u0430 Etiket\" href=\"https:\/\/ozkilicarslan.com\/ru\/product-category\/etiket\/\" data-no-translation-aria-label=\"\"><img decoding=\"async\" src=\"https:\/\/ozkilicarslan.com\/wp-content\/uploads\/2025\/02\/56457355656.jpg\" alt=\"Etiket\" width=\"1250\" height=\"\" srcset=\"https:\/\/ozkilicarslan.com\/wp-content\/uploads\/2025\/02\/56457355656.jpg 1250w, https:\/\/ozkilicarslan.com\/wp-content\/uploads\/2025\/02\/56457355656-300x300.jpg 300w, https:\/\/ozkilicarslan.com\/wp-content\/uploads\/2025\/02\/56457355656-1024x1024.jpg 1024w, https:\/\/ozkilicarslan.com\/wp-content\/uploads\/2025\/02\/56457355656-150x150.jpg 150w, https:\/\/ozkilicarslan.com\/wp-content\/uploads\/2025\/02\/56457355656-768x768.jpg 768w, https:\/\/ozkilicarslan.com\/wp-content\/uploads\/2025\/02\/56457355656-12x12.jpg 12w\" sizes=\"(max-width: 1250px) 100vw, 1250px\" \/>\t\t<h2 class=\"woocommerce-loop-category__title\">\n\t\t\t\u0411\u0438\u043b\u0435\u0442 <mark class=\"count\">(9)<\/mark>\t\t<\/h2>\n\t\t<\/a><\/li>\n<li class=\"product-category product first\">\n\t<a aria-label=\"\u041f\u043e\u0441\u0435\u0442\u0438\u0442\u0435 \u043a\u0430\u0442\u0435\u0433\u043e\u0440\u0438\u044e \u0442\u043e\u0432\u0430\u0440\u0430 Plastik Kova Grubu\" href=\"https:\/\/ozkilicarslan.com\/ru\/product-category\/plastik-kova-grubu\/\" data-no-translation-aria-label=\"\"><img decoding=\"async\" src=\"https:\/\/ozkilicarslan.com\/wp-content\/uploads\/2025\/02\/54363456463.jpg\" alt=\"Plastik Kova Grubu\" width=\"1250\" height=\"\" srcset=\"https:\/\/ozkilicarslan.com\/wp-content\/uploads\/2025\/02\/54363456463.jpg 1250w, https:\/\/ozkilicarslan.com\/wp-content\/uploads\/2025\/02\/54363456463-300x300.jpg 300w, https:\/\/ozkilicarslan.com\/wp-content\/uploads\/2025\/02\/54363456463-1024x1024.jpg 1024w, https:\/\/ozkilicarslan.com\/wp-content\/uploads\/2025\/02\/54363456463-150x150.jpg 150w, https:\/\/ozkilicarslan.com\/wp-content\/uploads\/2025\/02\/54363456463-768x768.jpg 768w, https:\/\/ozkilicarslan.com\/wp-content\/uploads\/2025\/02\/54363456463-12x12.jpg 12w\" sizes=\"(max-width: 1250px) 100vw, 1250px\" \/>\t\t<h2 class=\"woocommerce-loop-category__title\">\n\t\t\t\u0413\u0440\u0443\u043f\u043f\u0430 \u043f\u043b\u0430\u0441\u0442\u0438\u043a\u043e\u0432\u044b\u0445 \u0432\u0435\u0434\u0435\u0440 <mark class=\"count\">(7)<\/mark>\t\t<\/h2>\n\t\t<\/a><\/li>\n<li class=\"product-category product\">\n\t<a aria-label=\"\u041f\u043e\u0441\u0435\u0442\u0438\u0442\u0435 \u043a\u0430\u0442\u0435\u0433\u043e\u0440\u0438\u044e \u0442\u043e\u0432\u0430\u0440\u0430 Kozmetik \u00dcr\u00fcn Ambalajlar\u0131\" href=\"https:\/\/ozkilicarslan.com\/ru\/product-category\/kozmetik-urun-ambalajlari\/\" data-no-translation-aria-label=\"\"><img decoding=\"async\" src=\"https:\/\/ozkilicarslan.com\/wp-content\/uploads\/2025\/02\/4534456654.jpg\" alt=\"Kozmetik \u00dcr\u00fcn Ambalajlar\u0131\" width=\"1250\" height=\"\" srcset=\"https:\/\/ozkilicarslan.com\/wp-content\/uploads\/2025\/02\/4534456654.jpg 1250w, https:\/\/ozkilicarslan.com\/wp-content\/uploads\/2025\/02\/4534456654-300x300.jpg 300w, https:\/\/ozkilicarslan.com\/wp-content\/uploads\/2025\/02\/4534456654-1024x1024.jpg 1024w, https:\/\/ozkilicarslan.com\/wp-content\/uploads\/2025\/02\/4534456654-150x150.jpg 150w, https:\/\/ozkilicarslan.com\/wp-content\/uploads\/2025\/02\/4534456654-768x768.jpg 768w, https:\/\/ozkilicarslan.com\/wp-content\/uploads\/2025\/02\/4534456654-12x12.jpg 12w\" sizes=\"(max-width: 1250px) 100vw, 1250px\" \/>\t\t<h2 class=\"woocommerce-loop-category__title\">\n\t\t\t\u0423\u043f\u0430\u043a\u043e\u0432\u043a\u0430 \u043a\u043e\u0441\u043c\u0435\u0442\u0438\u0447\u0435\u0441\u043a\u043e\u0439 \u043f\u0440\u043e\u0434\u0443\u043a\u0446\u0438\u0438 <mark class=\"count\">(4)<\/mark>\t\t<\/h2>\n\t\t<\/a><\/li>\n<li class=\"product-category product\">\n\t<a aria-label=\"\u041f\u043e\u0441\u0435\u0442\u0438\u0442\u0435 \u043a\u0430\u0442\u0435\u0433\u043e\u0440\u0438\u044e \u0442\u043e\u0432\u0430\u0440\u0430 Kutu\" href=\"https:\/\/ozkilicarslan.com\/ru\/product-category\/kutu\/\" data-no-translation-aria-label=\"\"><img decoding=\"async\" src=\"https:\/\/ozkilicarslan.com\/wp-content\/uploads\/2025\/02\/5673463567.jpg\" alt=\"Kutu\" width=\"1250\" height=\"\" srcset=\"https:\/\/ozkilicarslan.com\/wp-content\/uploads\/2025\/02\/5673463567.jpg 1250w, https:\/\/ozkilicarslan.com\/wp-content\/uploads\/2025\/02\/5673463567-300x300.jpg 300w, https:\/\/ozkilicarslan.com\/wp-content\/uploads\/2025\/02\/5673463567-1024x1024.jpg 1024w, https:\/\/ozkilicarslan.com\/wp-content\/uploads\/2025\/02\/5673463567-150x150.jpg 150w, https:\/\/ozkilicarslan.com\/wp-content\/uploads\/2025\/02\/5673463567-768x768.jpg 768w, https:\/\/ozkilicarslan.com\/wp-content\/uploads\/2025\/02\/5673463567-12x12.jpg 12w\" sizes=\"(max-width: 1250px) 100vw, 1250px\" \/>\t\t<h2 class=\"woocommerce-loop-category__title\">\n\t\t\t\u041a\u043e\u0440\u043e\u0431\u043a\u0430 <mark class=\"count\">(4)<\/mark>\t\t<\/h2>\n\t\t<\/a><\/li>\n<\/ul>\n<\/div>\t\t\t\t<\/div>\n\t\t\t\t<\/div>\n\t\t            <\/div>\n        <\/div>\n                    <\/div>\n        <\/section>\n        \t\t<\/div>","protected":false},"excerpt":{"rendered":"<p>Kategoriler \u00dcr\u00fcnlerimiz<\/p>","protected":false},"author":1,"featured_media":0,"parent":0,"menu_order":0,"comment_status":"closed","ping_status":"closed","template":"","meta":{"pgc_sgb_lightbox_settings":"","_joinchat":[],"footnotes":""},"class_list":["post-6000","page","type-page","status-publish","hentry"],"_links":{"self":[{"href":"https:\/\/ozkilicarslan.com\/ru\/wp-json\/wp\/v2\/pages\/6000","targetHints":{"allow":["GET"]}}],"collection":[{"href":"https:\/\/ozkilicarslan.com\/ru\/wp-json\/wp\/v2\/pages"}],"about":[{"href":"https:\/\/ozkilicarslan.com\/ru\/wp-json\/wp\/v2\/types\/page"}],"author":[{"embeddable":true,"href":"https:\/\/ozkilicarslan.com\/ru\/wp-json\/wp\/v2\/users\/1"}],"replies":[{"embeddable":true,"href":"https:\/\/ozkilicarslan.com\/ru\/wp-json\/wp\/v2\/comments?post=6000"}],"version-history":[{"count":31,"href":"https:\/\/ozkilicarslan.com\/ru\/wp-json\/wp\/v2\/pages\/6000\/revisions"}],"predecessor-version":[{"id":6270,"href":"https:\/\/ozkilicarslan.com\/ru\/wp-json\/wp\/v2\/pages\/6000\/revisions\/6270"}],"wp:attachment":[{"href":"https:\/\/ozkilicarslan.com\/ru\/wp-json\/wp\/v2\/media?parent=6000"}],"curies":[{"name":"wp","href":"https:\/\/api.w.org\/{rel}","templated":true}]}}