{"id":5300,"date":"2025-02-19T18:47:01","date_gmt":"2025-02-19T15:47:01","guid":{"rendered":"https:\/\/ozkilicarslan.com\/?post_type=product&#038;p=5300"},"modified":"2025-02-19T18:47:01","modified_gmt":"2025-02-19T15:47:01","slug":"28mm-agiz-bakim-suyu-kapak","status":"publish","type":"product","link":"https:\/\/ozkilicarslan.com\/ru\/product\/28mm-agiz-bakim-suyu-kapak\/","title":{"rendered":"28mm A\u011f\u0131z Bak\u0131m Suyu Kapak"},"content":{"rendered":"<p>28mm A\u011f\u0131z Bak\u0131m Suyu Kapak<\/p>","protected":false},"excerpt":{"rendered":"<p>28mm A\u011f\u0131z Bak\u0131m Suyu Kapak<\/p>","protected":false},"featured_media":5301,"comment_status":"open","ping_status":"closed","template":"","meta":{"pgc_sgb_lightbox_settings":"","_joinchat":[]},"product_brand":[],"product_cat":[56],"product_tag":[],"class_list":{"0":"post-5300","1":"product","2":"type-product","3":"status-publish","4":"has-post-thumbnail","6":"product_cat-kapaklar","8":"first","9":"instock","10":"shipping-taxable","11":"product-type-simple"},"_links":{"self":[{"href":"https:\/\/ozkilicarslan.com\/ru\/wp-json\/wp\/v2\/product\/5300","targetHints":{"allow":["GET"]}}],"collection":[{"href":"https:\/\/ozkilicarslan.com\/ru\/wp-json\/wp\/v2\/product"}],"about":[{"href":"https:\/\/ozkilicarslan.com\/ru\/wp-json\/wp\/v2\/types\/product"}],"replies":[{"embeddable":true,"href":"https:\/\/ozkilicarslan.com\/ru\/wp-json\/wp\/v2\/comments?post=5300"}],"wp:featuredmedia":[{"embeddable":true,"href":"https:\/\/ozkilicarslan.com\/ru\/wp-json\/wp\/v2\/media\/5301"}],"wp:attachment":[{"href":"https:\/\/ozkilicarslan.com\/ru\/wp-json\/wp\/v2\/media?parent=5300"}],"wp:term":[{"taxonomy":"product_brand","embeddable":true,"href":"https:\/\/ozkilicarslan.com\/ru\/wp-json\/wp\/v2\/product_brand?post=5300"},{"taxonomy":"product_cat","embeddable":true,"href":"https:\/\/ozkilicarslan.com\/ru\/wp-json\/wp\/v2\/product_cat?post=5300"},{"taxonomy":"product_tag","embeddable":true,"href":"https:\/\/ozkilicarslan.com\/ru\/wp-json\/wp\/v2\/product_tag?post=5300"}],"curies":[{"name":"wp","href":"https:\/\/api.w.org\/{rel}","templated":true}]}}