{"id":5338,"date":"2025-02-19T19:19:00","date_gmt":"2025-02-19T16:19:00","guid":{"rendered":"https:\/\/ozkilicarslan.com\/?post_type=product&#038;p=5338"},"modified":"2025-02-19T19:19:00","modified_gmt":"2025-02-19T16:19:00","slug":"28mm-duz-vida-pe-contali-kapak","status":"publish","type":"product","link":"https:\/\/ozkilicarslan.com\/ru\/product\/28mm-duz-vida-pe-contali-kapak\/","title":{"rendered":"28mm D\u00fcz vida PE Contal\u0131 Kapak"},"content":{"rendered":"<p>28mm D\u00fcz vida PE Contal\u0131 Kapak<\/p>","protected":false},"excerpt":{"rendered":"<p>28mm D\u00fcz vida PE Contal\u0131 Kapak<\/p>","protected":false},"featured_media":5339,"comment_status":"open","ping_status":"closed","template":"","meta":{"pgc_sgb_lightbox_settings":"","_joinchat":[]},"product_brand":[],"product_cat":[56],"product_tag":[],"class_list":{"0":"post-5338","1":"product","2":"type-product","3":"status-publish","4":"has-post-thumbnail","6":"product_cat-kapaklar","8":"first","9":"instock","10":"shipping-taxable","11":"product-type-simple"},"_links":{"self":[{"href":"https:\/\/ozkilicarslan.com\/ru\/wp-json\/wp\/v2\/product\/5338","targetHints":{"allow":["GET"]}}],"collection":[{"href":"https:\/\/ozkilicarslan.com\/ru\/wp-json\/wp\/v2\/product"}],"about":[{"href":"https:\/\/ozkilicarslan.com\/ru\/wp-json\/wp\/v2\/types\/product"}],"replies":[{"embeddable":true,"href":"https:\/\/ozkilicarslan.com\/ru\/wp-json\/wp\/v2\/comments?post=5338"}],"wp:featuredmedia":[{"embeddable":true,"href":"https:\/\/ozkilicarslan.com\/ru\/wp-json\/wp\/v2\/media\/5339"}],"wp:attachment":[{"href":"https:\/\/ozkilicarslan.com\/ru\/wp-json\/wp\/v2\/media?parent=5338"}],"wp:term":[{"taxonomy":"product_brand","embeddable":true,"href":"https:\/\/ozkilicarslan.com\/ru\/wp-json\/wp\/v2\/product_brand?post=5338"},{"taxonomy":"product_cat","embeddable":true,"href":"https:\/\/ozkilicarslan.com\/ru\/wp-json\/wp\/v2\/product_cat?post=5338"},{"taxonomy":"product_tag","embeddable":true,"href":"https:\/\/ozkilicarslan.com\/ru\/wp-json\/wp\/v2\/product_tag?post=5338"}],"curies":[{"name":"wp","href":"https:\/\/api.w.org\/{rel}","templated":true}]}}