{"id":5350,"date":"2025-02-19T19:25:58","date_gmt":"2025-02-19T16:25:58","guid":{"rendered":"https:\/\/ozkilicarslan.com\/?post_type=product&#038;p=5350"},"modified":"2025-02-19T19:25:58","modified_gmt":"2025-02-19T16:25:58","slug":"34mm-ultra-camasir-suyu-kapak","status":"publish","type":"product","link":"https:\/\/ozkilicarslan.com\/ru\/product\/34mm-ultra-camasir-suyu-kapak\/","title":{"rendered":"34mm Ultra \u00c7ama\u015f\u0131r Suyu Kapak"},"content":{"rendered":"<p>34mm Ultra \u00c7ama\u015f\u0131r Suyu Kapak<\/p>","protected":false},"excerpt":{"rendered":"<p>34mm Ultra \u00c7ama\u015f\u0131r Suyu Kapak<\/p>","protected":false},"featured_media":5351,"comment_status":"open","ping_status":"closed","template":"","meta":{"pgc_sgb_lightbox_settings":"","_joinchat":[]},"product_brand":[],"product_cat":[56],"product_tag":[],"class_list":{"0":"post-5350","1":"product","2":"type-product","3":"status-publish","4":"has-post-thumbnail","6":"product_cat-kapaklar","8":"first","9":"instock","10":"shipping-taxable","11":"product-type-simple"},"_links":{"self":[{"href":"https:\/\/ozkilicarslan.com\/ru\/wp-json\/wp\/v2\/product\/5350","targetHints":{"allow":["GET"]}}],"collection":[{"href":"https:\/\/ozkilicarslan.com\/ru\/wp-json\/wp\/v2\/product"}],"about":[{"href":"https:\/\/ozkilicarslan.com\/ru\/wp-json\/wp\/v2\/types\/product"}],"replies":[{"embeddable":true,"href":"https:\/\/ozkilicarslan.com\/ru\/wp-json\/wp\/v2\/comments?post=5350"}],"wp:featuredmedia":[{"embeddable":true,"href":"https:\/\/ozkilicarslan.com\/ru\/wp-json\/wp\/v2\/media\/5351"}],"wp:attachment":[{"href":"https:\/\/ozkilicarslan.com\/ru\/wp-json\/wp\/v2\/media?parent=5350"}],"wp:term":[{"taxonomy":"product_brand","embeddable":true,"href":"https:\/\/ozkilicarslan.com\/ru\/wp-json\/wp\/v2\/product_brand?post=5350"},{"taxonomy":"product_cat","embeddable":true,"href":"https:\/\/ozkilicarslan.com\/ru\/wp-json\/wp\/v2\/product_cat?post=5350"},{"taxonomy":"product_tag","embeddable":true,"href":"https:\/\/ozkilicarslan.com\/ru\/wp-json\/wp\/v2\/product_tag?post=5350"}],"curies":[{"name":"wp","href":"https:\/\/api.w.org\/{rel}","templated":true}]}}