{"id":5361,"date":"2025-02-21T14:58:37","date_gmt":"2025-02-21T11:58:37","guid":{"rendered":"https:\/\/ozkilicarslan.com\/?post_type=product&#038;p=5361"},"modified":"2025-02-24T15:32:50","modified_gmt":"2025-02-24T12:32:50","slug":"28-agiz-dezenfektan-sisesi-500ml","status":"publish","type":"product","link":"https:\/\/ozkilicarslan.com\/ru\/product\/28-agiz-dezenfektan-sisesi-500ml\/","title":{"rendered":"28 A\u011f\u0131z Dezenfektan \u015ei\u015fesi 500ML"},"content":{"rendered":"<p>28 A\u011f\u0131z Dezenfektan \u015ei\u015fesi 500ML<\/p>","protected":false},"excerpt":{"rendered":"<p>28 A\u011f\u0131z Dezenfektan \u015ei\u015fesi 500ML<\/p>","protected":false},"featured_media":5362,"comment_status":"open","ping_status":"closed","template":"","meta":{"pgc_sgb_lightbox_settings":"","_joinchat":[]},"product_brand":[],"product_cat":[68],"product_tag":[],"class_list":{"0":"post-5361","1":"product","2":"type-product","3":"status-publish","4":"has-post-thumbnail","6":"product_cat-siseler","8":"first","9":"instock","10":"shipping-taxable","11":"product-type-simple"},"_links":{"self":[{"href":"https:\/\/ozkilicarslan.com\/ru\/wp-json\/wp\/v2\/product\/5361","targetHints":{"allow":["GET"]}}],"collection":[{"href":"https:\/\/ozkilicarslan.com\/ru\/wp-json\/wp\/v2\/product"}],"about":[{"href":"https:\/\/ozkilicarslan.com\/ru\/wp-json\/wp\/v2\/types\/product"}],"replies":[{"embeddable":true,"href":"https:\/\/ozkilicarslan.com\/ru\/wp-json\/wp\/v2\/comments?post=5361"}],"wp:featuredmedia":[{"embeddable":true,"href":"https:\/\/ozkilicarslan.com\/ru\/wp-json\/wp\/v2\/media\/5362"}],"wp:attachment":[{"href":"https:\/\/ozkilicarslan.com\/ru\/wp-json\/wp\/v2\/media?parent=5361"}],"wp:term":[{"taxonomy":"product_brand","embeddable":true,"href":"https:\/\/ozkilicarslan.com\/ru\/wp-json\/wp\/v2\/product_brand?post=5361"},{"taxonomy":"product_cat","embeddable":true,"href":"https:\/\/ozkilicarslan.com\/ru\/wp-json\/wp\/v2\/product_cat?post=5361"},{"taxonomy":"product_tag","embeddable":true,"href":"https:\/\/ozkilicarslan.com\/ru\/wp-json\/wp\/v2\/product_tag?post=5361"}],"curies":[{"name":"wp","href":"https:\/\/api.w.org\/{rel}","templated":true}]}}