{"id":5463,"date":"2025-02-21T18:45:50","date_gmt":"2025-02-21T15:45:50","guid":{"rendered":"https:\/\/ozkilicarslan.com\/?post_type=product&#038;p=5463"},"modified":"2025-02-21T18:45:50","modified_gmt":"2025-02-21T15:45:50","slug":"top-down-ketcap-mayonez-sos-sisesi-300ml","status":"publish","type":"product","link":"https:\/\/ozkilicarslan.com\/ru\/product\/top-down-ketcap-mayonez-sos-sisesi-300ml\/","title":{"rendered":"Top Down Ket\u00e7ap \/ Mayonez \/ Sos \u015ei\u015fesi 300ML"},"content":{"rendered":"<p>Top Down Ket\u00e7ap \/ Mayonez \/ Sos \u015ei\u015fesi 300ML<\/p>","protected":false},"excerpt":{"rendered":"<p>Top Down Ket\u00e7ap \/ Mayonez \/ Sos \u015ei\u015fesi 300ML<\/p>","protected":false},"featured_media":5464,"comment_status":"open","ping_status":"closed","template":"","meta":{"pgc_sgb_lightbox_settings":"","_joinchat":[]},"product_brand":[],"product_cat":[62],"product_tag":[],"class_list":{"0":"post-5463","1":"product","2":"type-product","3":"status-publish","4":"has-post-thumbnail","6":"product_cat-gida-ambalajlari","8":"first","9":"instock","10":"shipping-taxable","11":"product-type-simple"},"_links":{"self":[{"href":"https:\/\/ozkilicarslan.com\/ru\/wp-json\/wp\/v2\/product\/5463","targetHints":{"allow":["GET"]}}],"collection":[{"href":"https:\/\/ozkilicarslan.com\/ru\/wp-json\/wp\/v2\/product"}],"about":[{"href":"https:\/\/ozkilicarslan.com\/ru\/wp-json\/wp\/v2\/types\/product"}],"replies":[{"embeddable":true,"href":"https:\/\/ozkilicarslan.com\/ru\/wp-json\/wp\/v2\/comments?post=5463"}],"wp:featuredmedia":[{"embeddable":true,"href":"https:\/\/ozkilicarslan.com\/ru\/wp-json\/wp\/v2\/media\/5464"}],"wp:attachment":[{"href":"https:\/\/ozkilicarslan.com\/ru\/wp-json\/wp\/v2\/media?parent=5463"}],"wp:term":[{"taxonomy":"product_brand","embeddable":true,"href":"https:\/\/ozkilicarslan.com\/ru\/wp-json\/wp\/v2\/product_brand?post=5463"},{"taxonomy":"product_cat","embeddable":true,"href":"https:\/\/ozkilicarslan.com\/ru\/wp-json\/wp\/v2\/product_cat?post=5463"},{"taxonomy":"product_tag","embeddable":true,"href":"https:\/\/ozkilicarslan.com\/ru\/wp-json\/wp\/v2\/product_tag?post=5463"}],"curies":[{"name":"wp","href":"https:\/\/api.w.org\/{rel}","templated":true}]}}