{"id":5689,"date":"2025-02-21T22:42:37","date_gmt":"2025-02-21T19:42:37","guid":{"rendered":"https:\/\/ozkilicarslan.com\/?post_type=product&#038;p=5689"},"modified":"2025-02-24T15:07:03","modified_gmt":"2025-02-24T12:07:03","slug":"geri-donusumlu-siyah-kova-18-kg","status":"publish","type":"product","link":"https:\/\/ozkilicarslan.com\/ru\/product\/geri-donusumlu-siyah-kova-18-kg\/","title":{"rendered":"Geri D\u00f6n\u00fc\u015f\u00fcml\u00fc Siyah Kova 18 KG"},"content":{"rendered":"<p>Geri D\u00f6n\u00fc\u015f\u00fcml\u00fc Siyah Kova 18 KG<\/p>","protected":false},"excerpt":{"rendered":"<p>Geri D\u00f6n\u00fc\u015f\u00fcml\u00fc Siyah Kova 18 KG<\/p>","protected":false},"featured_media":5690,"comment_status":"open","ping_status":"closed","template":"","meta":{"pgc_sgb_lightbox_settings":"","_joinchat":[]},"product_brand":[],"product_cat":[65],"product_tag":[],"class_list":{"0":"post-5689","1":"product","2":"type-product","3":"status-publish","4":"has-post-thumbnail","6":"product_cat-plastik-kova-grubu","8":"first","9":"instock","10":"shipping-taxable","11":"product-type-simple"},"_links":{"self":[{"href":"https:\/\/ozkilicarslan.com\/ru\/wp-json\/wp\/v2\/product\/5689","targetHints":{"allow":["GET"]}}],"collection":[{"href":"https:\/\/ozkilicarslan.com\/ru\/wp-json\/wp\/v2\/product"}],"about":[{"href":"https:\/\/ozkilicarslan.com\/ru\/wp-json\/wp\/v2\/types\/product"}],"replies":[{"embeddable":true,"href":"https:\/\/ozkilicarslan.com\/ru\/wp-json\/wp\/v2\/comments?post=5689"}],"wp:featuredmedia":[{"embeddable":true,"href":"https:\/\/ozkilicarslan.com\/ru\/wp-json\/wp\/v2\/media\/5690"}],"wp:attachment":[{"href":"https:\/\/ozkilicarslan.com\/ru\/wp-json\/wp\/v2\/media?parent=5689"}],"wp:term":[{"taxonomy":"product_brand","embeddable":true,"href":"https:\/\/ozkilicarslan.com\/ru\/wp-json\/wp\/v2\/product_brand?post=5689"},{"taxonomy":"product_cat","embeddable":true,"href":"https:\/\/ozkilicarslan.com\/ru\/wp-json\/wp\/v2\/product_cat?post=5689"},{"taxonomy":"product_tag","embeddable":true,"href":"https:\/\/ozkilicarslan.com\/ru\/wp-json\/wp\/v2\/product_tag?post=5689"}],"curies":[{"name":"wp","href":"https:\/\/api.w.org\/{rel}","templated":true}]}}